{"id":3702,"date":"2026-01-16T16:32:51","date_gmt":"2026-01-16T16:32:51","guid":{"rendered":"https:\/\/finns-foderhuse.dk\/?page_id=3702"},"modified":"2026-02-03T16:02:37","modified_gmt":"2026-02-03T16:02:37","slug":"mini-bibliotek-i-freltofte","status":"publish","type":"page","link":"https:\/\/finns-foderhuse.dk\/index.php\/mini-bibliotek-i-freltofte\/","title":{"rendered":"Mini bibliotek i Freltofte."},"content":{"rendered":"\n\n<figure><img decoding=\"async\" data-src=\"https:\/\/finns-foderhuse.dk\/wp-content\/uploads\/2025\/07\/Mini-bibliotek-Monteret-i-Freltofte.jpg\" alt=\"Mini bibliotek - Monteret i Freltofte\" src=\"data:image\/svg+xml;base64,PHN2ZyB3aWR0aD0iMSIgaGVpZ2h0PSIxIiB4bWxucz0iaHR0cDovL3d3dy53My5vcmcvMjAwMC9zdmciPjwvc3ZnPg==\" class=\"lazyload\" style=\"--smush-placeholder-width: 900px; --smush-placeholder-aspect-ratio: 900\/600;\" \/><figcaption>Mini bibliotek &#8211; Monteret i Freltofte<\/figcaption><\/figure>\n<h5 data-kb-block=\"kb-adv-heading3702_dbbdab-70_0\"><strong>Mini Bibliotek i Freltofte<\/strong><\/h5>\n<h6 data-kb-block=\"kb-adv-heading3702_dbbdab-70_1\">Her i de kolde vinterm\u00e5neder, har jeg g\u00e5et og lavet mit v\u00e6rksted om.<\/h6>\n<h6 data-kb-block=\"kb-adv-heading3702_dbbdab-70_2\">Jeg har nu lavet ORDEN i mit v\u00e6rkt\u00f8j, f\u00e5et v\u00e6rkt\u00f8jet op at h\u00e6nge,<br \/>\nlavet reol til mine klodsekasser, f\u00e5et al materiale p\u00e5 hylde<br \/>\nog f\u00e5et lavet mig et ordentlig v\u00e6rkstedsbord med hjul p\u00e5,<br \/>\ns\u00e5 de lange materialer ikke rammer v\u00e6ggen, n\u00e5r jeg er i gang med det.<br \/>\nMin kone\u00a0og jeg var i Hamborg p\u00e5 en lille forl\u00e6nget weekend tur engang.<br \/>\nT\u00e6t p\u00e5 hotellet var der en flod med dejligt udsigt.<br \/>\nP\u00e5 den bro, der gik over, var der placeret et lille hus.<br \/>\nN\u00e5r man kom t\u00e6t p\u00e5 kunne man se, at der var placeret b\u00f8ger inde i.<br \/>\nLittle Free Library, er meget udbredt i Amerika.<br \/>\nDer findes flere mini biblioteker\u00a0i Danmark rundt omkring.<\/h6>\n\n<figure><img decoding=\"async\" data-src=\"https:\/\/finns-foderhuse.dk\/wp-content\/uploads\/2025\/07\/Mini-bibliotek-hus-fra-Hamburg.jpg\" alt=\"Mini bibliotek - hus fra Hamburg\" src=\"data:image\/svg+xml;base64,PHN2ZyB3aWR0aD0iMSIgaGVpZ2h0PSIxIiB4bWxucz0iaHR0cDovL3d3dy53My5vcmcvMjAwMC9zdmciPjwvc3ZnPg==\" class=\"lazyload\" style=\"--smush-placeholder-width: 900px; --smush-placeholder-aspect-ratio: 900\/600;\" \/><figcaption>Mini bibliotek &#8211; hus fra Hamburg<\/figcaption><\/figure>\nDa vi kom hjem igen t\u00e6nkte jeg &#8221; so ein ding muss ich auch haben &#8220;S\u00e5 jeg gik i t\u00e6nkeboks og fandt noget papir, en blyant frem og lavede de f\u00f8rste skitser.\n<h6 data-kb-block=\"kb-adv-heading3702_15adc3-58_0\">Jeg t\u00e6nkte, at jeg ikke vil ind under det amerikanske, men have mit helt eget lille bibliotek, som skal st\u00e5 i Freltofte, til f\u00e6lles afbenyttelse.<br \/>\nS\u00e5 nu er jeg begyndt at lave huset af de materialer, som jeg havde liggende i mit v\u00e6rksted.<br \/>\nJeg har \u00a0t\u00e6nkt mig at huset skulle st\u00e5 ved siden af infoskiltet p\u00e5 starten af \u00a0Mosevej i Freltofte<\/h6>\n<hr \/>\n<figure><img decoding=\"async\" data-src=\"https:\/\/finns-foderhuse.dk\/wp-content\/uploads\/2025\/07\/Mini-bibliotek-finn-ide-400x1000-1.jpg\" alt=\"Mini bibliotek - finns ide\" src=\"data:image\/svg+xml;base64,PHN2ZyB3aWR0aD0iMSIgaGVpZ2h0PSIxIiB4bWxucz0iaHR0cDovL3d3dy53My5vcmcvMjAwMC9zdmciPjwvc3ZnPg==\" class=\"lazyload\" style=\"--smush-placeholder-width: 1000px; --smush-placeholder-aspect-ratio: 1000\/400;\" \/><figcaption>Mini bibliotek &#8211; finns ide<\/figcaption><\/figure>\n<hr \/>\n<figure><img decoding=\"async\" data-src=\"https:\/\/finns-foderhuse.dk\/wp-content\/uploads\/2025\/07\/hus-1-med-tag-og-spaer-og-karm-og-haengsler-scaled.jpg\" alt=\"hus 1 med tag og sp\u00e6r og karm og h\u00e6ngsler\" src=\"data:image\/svg+xml;base64,PHN2ZyB3aWR0aD0iMSIgaGVpZ2h0PSIxIiB4bWxucz0iaHR0cDovL3d3dy53My5vcmcvMjAwMC9zdmciPjwvc3ZnPg==\" class=\"lazyload\" style=\"--smush-placeholder-width: 1536px; --smush-placeholder-aspect-ratio: 1536\/2560;\" \/><figcaption>hus 1 med tag og sp\u00e6r og karm og h\u00e6ngsler<\/figcaption><\/figure>\n<figure><img decoding=\"async\" data-src=\"https:\/\/finns-foderhuse.dk\/wp-content\/uploads\/2025\/07\/Mini-bibliotek-inkscape.jpg\" alt=\"Mini bibliotek - inkscape\" src=\"data:image\/svg+xml;base64,PHN2ZyB3aWR0aD0iMSIgaGVpZ2h0PSIxIiB4bWxucz0iaHR0cDovL3d3dy53My5vcmcvMjAwMC9zdmciPjwvc3ZnPg==\" class=\"lazyload\" style=\"--smush-placeholder-width: 622px; --smush-placeholder-aspect-ratio: 622\/900;\" \/><figcaption>Mini bibliotek &#8211; inkscape<\/figcaption><\/figure>\n<hr \/>\n<figure><img decoding=\"async\" data-src=\"https:\/\/finns-foderhuse.dk\/wp-content\/uploads\/2025\/07\/Mini-bibliotek-raamateriale.jpg\" alt=\"Mini bibliotek - r\u00e5materiale\" src=\"data:image\/svg+xml;base64,PHN2ZyB3aWR0aD0iMSIgaGVpZ2h0PSIxIiB4bWxucz0iaHR0cDovL3d3dy53My5vcmcvMjAwMC9zdmciPjwvc3ZnPg==\" class=\"lazyload\" style=\"--smush-placeholder-width: 900px; --smush-placeholder-aspect-ratio: 900\/600;\" \/><figcaption>Mini bibliotek &#8211; r\u00e5materiale<\/figcaption><\/figure>\n<figure><img decoding=\"async\" data-src=\"https:\/\/finns-foderhuse.dk\/wp-content\/uploads\/2025\/07\/Mini-bibliotek-hus-malet-hvidt.jpg\" alt=\"\" src=\"data:image\/svg+xml;base64,PHN2ZyB3aWR0aD0iMSIgaGVpZ2h0PSIxIiB4bWxucz0iaHR0cDovL3d3dy53My5vcmcvMjAwMC9zdmciPjwvc3ZnPg==\" class=\"lazyload\" style=\"--smush-placeholder-width: 900px; --smush-placeholder-aspect-ratio: 900\/600;\" \/><\/figure>\n<figure><img decoding=\"async\" data-src=\"https:\/\/finns-foderhuse.dk\/wp-content\/uploads\/2025\/07\/Mini-bibliotek-hus-malet-hvidt-set-fra-oven-fra-doerside.jpg\" alt=\"Mini bibliotek - hus malet hvidt - set fra oven - fra d\u00f8rside\" src=\"data:image\/svg+xml;base64,PHN2ZyB3aWR0aD0iMSIgaGVpZ2h0PSIxIiB4bWxucz0iaHR0cDovL3d3dy53My5vcmcvMjAwMC9zdmciPjwvc3ZnPg==\" class=\"lazyload\" style=\"--smush-placeholder-width: 900px; --smush-placeholder-aspect-ratio: 900\/600;\" \/><figcaption>Mini bibliotek &#8211; hus malet hvidt &#8211; set fra oven &#8211; fra d\u00f8rside<\/figcaption><\/figure>\n<hr \/>\n<figure><img decoding=\"async\" data-src=\"https:\/\/finns-foderhuse.dk\/wp-content\/uploads\/2025\/07\/Mini-bibliotek-hus-fra-siden-med-doer.jpg\" alt=\"Mini bibliotek - hus fra siden med d\u00f8r\" src=\"data:image\/svg+xml;base64,PHN2ZyB3aWR0aD0iMSIgaGVpZ2h0PSIxIiB4bWxucz0iaHR0cDovL3d3dy53My5vcmcvMjAwMC9zdmciPjwvc3ZnPg==\" class=\"lazyload\" style=\"--smush-placeholder-width: 900px; --smush-placeholder-aspect-ratio: 900\/600;\" \/><figcaption>aget er af vandfast krydsfiner. Hus og tag er malet 4-5 gange med olie tr\u00e6beskyttelse.<\/figcaption><\/figure>\n<figure><img decoding=\"async\" data-src=\"https:\/\/finns-foderhuse.dk\/wp-content\/uploads\/2025\/07\/Mini-bibliotek-Monteret-i-Freltofte-Aage-graver.jpg\" alt=\"Mini bibliotek - Monteret i Freltofte - \u00c5ge graver\" src=\"data:image\/svg+xml;base64,PHN2ZyB3aWR0aD0iMSIgaGVpZ2h0PSIxIiB4bWxucz0iaHR0cDovL3d3dy53My5vcmcvMjAwMC9zdmciPjwvc3ZnPg==\" class=\"lazyload\" style=\"--smush-placeholder-width: 900px; --smush-placeholder-aspect-ratio: 900\/600;\" \/><figcaption>Her skal huset st\u00e5. Formanden for F\u00e6lleden \u00c5ge Hansen hj\u00e6lper til med at grave stolpen ned i korrekt dybde.<\/figcaption><\/figure>\n<figure><img decoding=\"async\" data-src=\"https:\/\/finns-foderhuse.dk\/wp-content\/uploads\/2025\/07\/Mini-bibliotek-finn-og-aage-bibliotek-fam-journal.jpg\" alt=\"Mini bibliotek - finn og \u00e5ge bibliotek- fam journal\" src=\"data:image\/svg+xml;base64,PHN2ZyB3aWR0aD0iMSIgaGVpZ2h0PSIxIiB4bWxucz0iaHR0cDovL3d3dy53My5vcmcvMjAwMC9zdmciPjwvc3ZnPg==\" class=\"lazyload\" style=\"--smush-placeholder-width: 900px; --smush-placeholder-aspect-ratio: 900\/600;\" \/><figcaption>Mini bibliotek &#8211; S\u00e5 er huset f\u00e6rdigt. Familie Journals fotograf kom forbi og skulle forevige biblioteket<\/figcaption><\/figure>\n<h6 data-kb-block=\"kb-adv-heading3702_1321a2-ff_0\"><strong>Tekst fra Familiejournal<br \/>\nB\u00f8ger i fuglehuset<\/strong><br \/>\nDet store fuglehus ved Mosevej i fynske Freltofte er ved n\u00e6rmere eftersyn et minibibliotek<br \/>\nbaseret p\u00e5 &#8220;tag en bog &#8211; s\u00e6t en bog&#8221;-princippet. Huset er skabt i genbrugsmaterialer<br \/>\naf litograf og grafisk tilrettel\u00e6gger af landsbyforeningen F\u00e6lledens<br \/>\nmedlemsblad &#8220;F\u00e6lledbladet&#8221;, Finn Ekelund, der blev inspireret til id\u00e9en under en ferie<br \/>\ni Hamborg. Landsbyforeningens formand, p\u00e6dagog \u00c5ge Spejlborg, var med p\u00e5 den.<br \/>\nS\u00e5 n\u00e5r landsbyens beboere i dag l\u00e6ser en bog eller ser en film, som de mener, andre<br \/>\nburde have gl\u00e6de af, placerer de den simpelthen i fuglehuset sammen med alskens<br \/>\nl\u00e6sestof fra Tolkien til satirebladet &#8220;Svikm\u00f8llen&#8221;.<br \/>\nFoto: Luna Foto<\/h6>\n<h6 data-kb-block=\"kb-adv-heading3702_81a768-d7\"><\/h6>\n<figure><img decoding=\"async\" data-src=\"https:\/\/finns-foderhuse.dk\/wp-content\/uploads\/2025\/07\/anes-hoej-badesoe.jpg\" alt=\"Anes H\u00f8j Bades\u00f8, \u00c5rslev\" src=\"data:image\/svg+xml;base64,PHN2ZyB3aWR0aD0iMSIgaGVpZ2h0PSIxIiB4bWxucz0iaHR0cDovL3d3dy53My5vcmcvMjAwMC9zdmciPjwvc3ZnPg==\" class=\"lazyload\" style=\"--smush-placeholder-width: 1920px; --smush-placeholder-aspect-ratio: 1920\/400;\" \/><figcaption>Anes H\u00f8j Bades\u00f8, \u00c5rslev<\/figcaption><\/figure>\n<h6 data-kb-block=\"kb-adv-heading3702_cdd86a-70\"><\/h6>\n<h6 data-kb-block=\"kb-adv-heading3702_ab0934-ea\"><\/h6>\n\n","protected":false},"excerpt":{"rendered":"","protected":false},"author":1,"featured_media":0,"parent":0,"menu_order":0,"comment_status":"closed","ping_status":"closed","template":"","meta":{"_acf_changed":false,"googlesitekit_rrm_CAow9bW7DA:productID":"","_zb_attr":"","zolo_post_video_link":"","footnotes":""},"class_list":["post-3702","page","type-page","status-publish"],"acf":[],"yoast_head":"<!-- This site is optimized with the Yoast SEO plugin v27.4 - https:\/\/yoast.com\/product\/yoast-seo-wordpress\/ -->\n<title>Mini bibliotek i Freltofte. - finns-foderhuse<\/title>\n<meta name=\"description\" content=\"Mini bibliotek opstillet i Freltofte, Fyn. Konceptet er &quot;Tag en Bog - S\u00e6t en Bog&quot;. Plads til en hel del b\u00f8ger\" \/>\n<meta name=\"robots\" content=\"index, follow, max-snippet:-1, max-image-preview:large, max-video-preview:-1\" \/>\n<link rel=\"canonical\" href=\"https:\/\/finns-foderhuse.dk\/index.php\/mini-bibliotek-i-freltofte\/\" \/>\n<meta property=\"og:locale\" content=\"da_DK\" \/>\n<meta property=\"og:type\" content=\"article\" \/>\n<meta property=\"og:title\" content=\"Mini bibliotek i Freltofte. - finns-foderhuse\" \/>\n<meta property=\"og:description\" content=\"Mini bibliotek opstillet i Freltofte, Fyn. Konceptet er &quot;Tag en Bog - S\u00e6t en Bog&quot;. Plads til en hel del b\u00f8ger\" \/>\n<meta property=\"og:url\" content=\"https:\/\/finns-foderhuse.dk\/index.php\/mini-bibliotek-i-freltofte\/\" \/>\n<meta property=\"og:site_name\" content=\"finns-foderhuse\" \/>\n<meta property=\"article:modified_time\" content=\"2026-02-03T16:02:37+00:00\" \/>\n<meta property=\"og:image\" content=\"https:\/\/finns-foderhuse.dk\/wp-content\/uploads\/2025\/07\/Mini-bibliotek-Monteret-i-Freltofte.jpg\" \/>\n<meta name=\"twitter:card\" content=\"summary_large_image\" \/>\n<meta name=\"twitter:label1\" content=\"Estimeret l\u00e6setid\" \/>\n\t<meta name=\"twitter:data1\" content=\"5 minutter\" \/>\n<script type=\"application\/ld+json\" class=\"yoast-schema-graph\">{\"@context\":\"https:\\\/\\\/schema.org\",\"@graph\":[{\"@type\":\"WebPage\",\"@id\":\"https:\\\/\\\/finns-foderhuse.dk\\\/index.php\\\/mini-bibliotek-i-freltofte\\\/\",\"url\":\"https:\\\/\\\/finns-foderhuse.dk\\\/index.php\\\/mini-bibliotek-i-freltofte\\\/\",\"name\":\"Mini bibliotek i Freltofte. - finns-foderhuse\",\"isPartOf\":{\"@id\":\"https:\\\/\\\/finns-foderhuse.dk\\\/#website\"},\"primaryImageOfPage\":{\"@id\":\"https:\\\/\\\/finns-foderhuse.dk\\\/index.php\\\/mini-bibliotek-i-freltofte\\\/#primaryimage\"},\"image\":{\"@id\":\"https:\\\/\\\/finns-foderhuse.dk\\\/index.php\\\/mini-bibliotek-i-freltofte\\\/#primaryimage\"},\"thumbnailUrl\":\"https:\\\/\\\/finns-foderhuse.dk\\\/wp-content\\\/uploads\\\/2025\\\/07\\\/Mini-bibliotek-Monteret-i-Freltofte.jpg\",\"datePublished\":\"2026-01-16T16:32:51+00:00\",\"dateModified\":\"2026-02-03T16:02:37+00:00\",\"description\":\"Mini bibliotek opstillet i Freltofte, Fyn. Konceptet er \\\"Tag en Bog - S\u00e6t en Bog\\\". Plads til en hel del b\u00f8ger\",\"breadcrumb\":{\"@id\":\"https:\\\/\\\/finns-foderhuse.dk\\\/index.php\\\/mini-bibliotek-i-freltofte\\\/#breadcrumb\"},\"inLanguage\":\"da-DK\",\"potentialAction\":[{\"@type\":\"ReadAction\",\"target\":[\"https:\\\/\\\/finns-foderhuse.dk\\\/index.php\\\/mini-bibliotek-i-freltofte\\\/\"]}]},{\"@type\":\"ImageObject\",\"inLanguage\":\"da-DK\",\"@id\":\"https:\\\/\\\/finns-foderhuse.dk\\\/index.php\\\/mini-bibliotek-i-freltofte\\\/#primaryimage\",\"url\":\"https:\\\/\\\/finns-foderhuse.dk\\\/wp-content\\\/uploads\\\/2025\\\/07\\\/Mini-bibliotek-Monteret-i-Freltofte.jpg\",\"contentUrl\":\"https:\\\/\\\/finns-foderhuse.dk\\\/wp-content\\\/uploads\\\/2025\\\/07\\\/Mini-bibliotek-Monteret-i-Freltofte.jpg\",\"width\":900,\"height\":600,\"caption\":\"Mini bibliotek - Monteret i Freltofte\"},{\"@type\":\"BreadcrumbList\",\"@id\":\"https:\\\/\\\/finns-foderhuse.dk\\\/index.php\\\/mini-bibliotek-i-freltofte\\\/#breadcrumb\",\"itemListElement\":[{\"@type\":\"ListItem\",\"position\":1,\"name\":\"Hjem\",\"item\":\"https:\\\/\\\/finns-foderhuse.dk\\\/\"},{\"@type\":\"ListItem\",\"position\":2,\"name\":\"Mini bibliotek i Freltofte.\"}]},{\"@type\":\"WebSite\",\"@id\":\"https:\\\/\\\/finns-foderhuse.dk\\\/#website\",\"url\":\"https:\\\/\\\/finns-foderhuse.dk\\\/\",\"name\":\"foderhuse og stativer\",\"description\":\"foderhuse og stativer\",\"publisher\":{\"@id\":\"https:\\\/\\\/finns-foderhuse.dk\\\/#\\\/schema\\\/person\\\/809a24843ef569f1eb4856f703b578f0\"},\"potentialAction\":[{\"@type\":\"SearchAction\",\"target\":{\"@type\":\"EntryPoint\",\"urlTemplate\":\"https:\\\/\\\/finns-foderhuse.dk\\\/?s={search_term_string}\"},\"query-input\":{\"@type\":\"PropertyValueSpecification\",\"valueRequired\":true,\"valueName\":\"search_term_string\"}}],\"inLanguage\":\"da-DK\"},{\"@type\":[\"Person\",\"Organization\"],\"@id\":\"https:\\\/\\\/finns-foderhuse.dk\\\/#\\\/schema\\\/person\\\/809a24843ef569f1eb4856f703b578f0\",\"name\":\"Finn Ekelund\",\"image\":{\"@type\":\"ImageObject\",\"inLanguage\":\"da-DK\",\"@id\":\"https:\\\/\\\/finns-foderhuse.dk\\\/wp-content\\\/uploads\\\/2025\\\/04\\\/tak-foderhus-str.-3.jpg\",\"url\":\"https:\\\/\\\/finns-foderhuse.dk\\\/wp-content\\\/uploads\\\/2025\\\/04\\\/tak-foderhus-str.-3.jpg\",\"contentUrl\":\"https:\\\/\\\/finns-foderhuse.dk\\\/wp-content\\\/uploads\\\/2025\\\/04\\\/tak-foderhus-str.-3.jpg\",\"width\":800,\"height\":600,\"caption\":\"Finn Ekelund\"},\"logo\":{\"@id\":\"https:\\\/\\\/finns-foderhuse.dk\\\/wp-content\\\/uploads\\\/2025\\\/04\\\/tak-foderhus-str.-3.jpg\"},\"description\":\"Er passioneret hobbymand, der elsker at arbejde i tr\u00e6\",\"sameAs\":[\"http:\\\/\\\/finns-foderhuse.dk\",\"https:\\\/\\\/www.instagram.com\\\/finns_foderhuse\\\/\",\"https:\\\/\\\/www.youtube.com\\\/@finns-foderhuse\"]}]}<\/script>\n<!-- \/ Yoast SEO plugin. -->","yoast_head_json":{"title":"Mini bibliotek i Freltofte. - finns-foderhuse","description":"Mini bibliotek opstillet i Freltofte, Fyn. Konceptet er \"Tag en Bog - S\u00e6t en Bog\". Plads til en hel del b\u00f8ger","robots":{"index":"index","follow":"follow","max-snippet":"max-snippet:-1","max-image-preview":"max-image-preview:large","max-video-preview":"max-video-preview:-1"},"canonical":"https:\/\/finns-foderhuse.dk\/index.php\/mini-bibliotek-i-freltofte\/","og_locale":"da_DK","og_type":"article","og_title":"Mini bibliotek i Freltofte. - finns-foderhuse","og_description":"Mini bibliotek opstillet i Freltofte, Fyn. Konceptet er \"Tag en Bog - S\u00e6t en Bog\". Plads til en hel del b\u00f8ger","og_url":"https:\/\/finns-foderhuse.dk\/index.php\/mini-bibliotek-i-freltofte\/","og_site_name":"finns-foderhuse","article_modified_time":"2026-02-03T16:02:37+00:00","og_image":[{"url":"https:\/\/finns-foderhuse.dk\/wp-content\/uploads\/2025\/07\/Mini-bibliotek-Monteret-i-Freltofte.jpg","type":"","width":"","height":""}],"twitter_card":"summary_large_image","twitter_misc":{"Estimeret l\u00e6setid":"5 minutter"},"schema":{"@context":"https:\/\/schema.org","@graph":[{"@type":"WebPage","@id":"https:\/\/finns-foderhuse.dk\/index.php\/mini-bibliotek-i-freltofte\/","url":"https:\/\/finns-foderhuse.dk\/index.php\/mini-bibliotek-i-freltofte\/","name":"Mini bibliotek i Freltofte. - finns-foderhuse","isPartOf":{"@id":"https:\/\/finns-foderhuse.dk\/#website"},"primaryImageOfPage":{"@id":"https:\/\/finns-foderhuse.dk\/index.php\/mini-bibliotek-i-freltofte\/#primaryimage"},"image":{"@id":"https:\/\/finns-foderhuse.dk\/index.php\/mini-bibliotek-i-freltofte\/#primaryimage"},"thumbnailUrl":"https:\/\/finns-foderhuse.dk\/wp-content\/uploads\/2025\/07\/Mini-bibliotek-Monteret-i-Freltofte.jpg","datePublished":"2026-01-16T16:32:51+00:00","dateModified":"2026-02-03T16:02:37+00:00","description":"Mini bibliotek opstillet i Freltofte, Fyn. Konceptet er \"Tag en Bog - S\u00e6t en Bog\". Plads til en hel del b\u00f8ger","breadcrumb":{"@id":"https:\/\/finns-foderhuse.dk\/index.php\/mini-bibliotek-i-freltofte\/#breadcrumb"},"inLanguage":"da-DK","potentialAction":[{"@type":"ReadAction","target":["https:\/\/finns-foderhuse.dk\/index.php\/mini-bibliotek-i-freltofte\/"]}]},{"@type":"ImageObject","inLanguage":"da-DK","@id":"https:\/\/finns-foderhuse.dk\/index.php\/mini-bibliotek-i-freltofte\/#primaryimage","url":"https:\/\/finns-foderhuse.dk\/wp-content\/uploads\/2025\/07\/Mini-bibliotek-Monteret-i-Freltofte.jpg","contentUrl":"https:\/\/finns-foderhuse.dk\/wp-content\/uploads\/2025\/07\/Mini-bibliotek-Monteret-i-Freltofte.jpg","width":900,"height":600,"caption":"Mini bibliotek - Monteret i Freltofte"},{"@type":"BreadcrumbList","@id":"https:\/\/finns-foderhuse.dk\/index.php\/mini-bibliotek-i-freltofte\/#breadcrumb","itemListElement":[{"@type":"ListItem","position":1,"name":"Hjem","item":"https:\/\/finns-foderhuse.dk\/"},{"@type":"ListItem","position":2,"name":"Mini bibliotek i Freltofte."}]},{"@type":"WebSite","@id":"https:\/\/finns-foderhuse.dk\/#website","url":"https:\/\/finns-foderhuse.dk\/","name":"foderhuse og stativer","description":"foderhuse og stativer","publisher":{"@id":"https:\/\/finns-foderhuse.dk\/#\/schema\/person\/809a24843ef569f1eb4856f703b578f0"},"potentialAction":[{"@type":"SearchAction","target":{"@type":"EntryPoint","urlTemplate":"https:\/\/finns-foderhuse.dk\/?s={search_term_string}"},"query-input":{"@type":"PropertyValueSpecification","valueRequired":true,"valueName":"search_term_string"}}],"inLanguage":"da-DK"},{"@type":["Person","Organization"],"@id":"https:\/\/finns-foderhuse.dk\/#\/schema\/person\/809a24843ef569f1eb4856f703b578f0","name":"Finn Ekelund","image":{"@type":"ImageObject","inLanguage":"da-DK","@id":"https:\/\/finns-foderhuse.dk\/wp-content\/uploads\/2025\/04\/tak-foderhus-str.-3.jpg","url":"https:\/\/finns-foderhuse.dk\/wp-content\/uploads\/2025\/04\/tak-foderhus-str.-3.jpg","contentUrl":"https:\/\/finns-foderhuse.dk\/wp-content\/uploads\/2025\/04\/tak-foderhus-str.-3.jpg","width":800,"height":600,"caption":"Finn Ekelund"},"logo":{"@id":"https:\/\/finns-foderhuse.dk\/wp-content\/uploads\/2025\/04\/tak-foderhus-str.-3.jpg"},"description":"Er passioneret hobbymand, der elsker at arbejde i tr\u00e6","sameAs":["http:\/\/finns-foderhuse.dk","https:\/\/www.instagram.com\/finns_foderhuse\/","https:\/\/www.youtube.com\/@finns-foderhuse"]}]}},"_links":{"self":[{"href":"https:\/\/finns-foderhuse.dk\/index.php\/wp-json\/wp\/v2\/pages\/3702","targetHints":{"allow":["GET"]}}],"collection":[{"href":"https:\/\/finns-foderhuse.dk\/index.php\/wp-json\/wp\/v2\/pages"}],"about":[{"href":"https:\/\/finns-foderhuse.dk\/index.php\/wp-json\/wp\/v2\/types\/page"}],"author":[{"embeddable":true,"href":"https:\/\/finns-foderhuse.dk\/index.php\/wp-json\/wp\/v2\/users\/1"}],"replies":[{"embeddable":true,"href":"https:\/\/finns-foderhuse.dk\/index.php\/wp-json\/wp\/v2\/comments?post=3702"}],"version-history":[{"count":30,"href":"https:\/\/finns-foderhuse.dk\/index.php\/wp-json\/wp\/v2\/pages\/3702\/revisions"}],"predecessor-version":[{"id":3940,"href":"https:\/\/finns-foderhuse.dk\/index.php\/wp-json\/wp\/v2\/pages\/3702\/revisions\/3940"}],"wp:attachment":[{"href":"https:\/\/finns-foderhuse.dk\/index.php\/wp-json\/wp\/v2\/media?parent=3702"}],"curies":[{"name":"wp","href":"https:\/\/api.w.org\/{rel}","templated":true}]}}