{"id":3047,"date":"2025-09-10T09:19:13","date_gmt":"2025-09-10T09:19:13","guid":{"rendered":"https:\/\/finns-foderhuse.dk\/?page_id=3047"},"modified":"2025-09-22T14:09:17","modified_gmt":"2025-09-22T14:09:17","slug":"taerter-taerter-aftensmad-nem-aftensmad","status":"publish","type":"page","link":"https:\/\/finns-foderhuse.dk\/index.php\/taerter-taerter-aftensmad-nem-aftensmad\/","title":{"rendered":"T\u00e6rter"},"content":{"rendered":"<style>.kb-row-layout-wrap.wp-block-kadence-rowlayout.kb-row-layout-id3047_93814b-5c{margin-bottom:0px;}.kb-row-layout-id3047_93814b-5c > .kt-row-column-wrap{align-content:start;}:where(.kb-row-layout-id3047_93814b-5c > .kt-row-column-wrap) > .wp-block-kadence-column{justify-content:start;}.kb-row-layout-id3047_93814b-5c > .kt-row-column-wrap{column-gap:var(--global-kb-gap-md, 2rem);row-gap:var(--global-kb-gap-md, 2rem);padding-top:var(--global-kb-spacing-sm, 1.5rem);padding-bottom:var(--global-kb-spacing-sm, 1.5rem);}.kb-row-layout-id3047_93814b-5c > .kt-row-column-wrap > div:not(.added-for-specificity){grid-column:initial;}.kb-row-layout-id3047_93814b-5c > .kt-row-column-wrap{grid-template-columns:repeat(3, minmax(0, 1fr));}.kb-row-layout-id3047_93814b-5c > .kt-row-layout-overlay{opacity:0.30;}@media all and (max-width: 1024px){.kb-row-layout-id3047_93814b-5c > .kt-row-column-wrap > div:not(.added-for-specificity){grid-column:initial;}}@media all and (max-width: 1024px){.kb-row-layout-id3047_93814b-5c > .kt-row-column-wrap{grid-template-columns:repeat(3, minmax(0, 1fr));}}@media all and (max-width: 767px){.kb-row-layout-id3047_93814b-5c > .kt-row-column-wrap > div:not(.added-for-specificity){grid-column:initial;}.kb-row-layout-id3047_93814b-5c > .kt-row-column-wrap{grid-template-columns:minmax(0, 1fr);}}<\/style><div class=\"kb-row-layout-wrap kb-row-layout-id3047_93814b-5c alignnone wp-block-kadence-rowlayout\"><div class=\"kt-row-column-wrap kt-has-3-columns kt-row-layout-equal kt-tab-layout-inherit kt-mobile-layout-row kt-row-valign-top\">\n<style>.kadence-column3047_b0d7c0-44 > .kt-inside-inner-col,.kadence-column3047_b0d7c0-44 > .kt-inside-inner-col:before{border-top-left-radius:0px;border-top-right-radius:0px;border-bottom-right-radius:0px;border-bottom-left-radius:0px;}.kadence-column3047_b0d7c0-44 > .kt-inside-inner-col{column-gap:var(--global-kb-gap-sm, 1rem);}.kadence-column3047_b0d7c0-44 > .kt-inside-inner-col{flex-direction:column;}.kadence-column3047_b0d7c0-44 > .kt-inside-inner-col > .aligncenter{width:100%;}.kadence-column3047_b0d7c0-44 > .kt-inside-inner-col:before{opacity:0.3;}.kadence-column3047_b0d7c0-44{position:relative;}@media all and (max-width: 1024px){.kadence-column3047_b0d7c0-44 > .kt-inside-inner-col{flex-direction:column;justify-content:center;}}@media all and (max-width: 767px){.kadence-column3047_b0d7c0-44 > .kt-inside-inner-col{flex-direction:column;justify-content:center;}}<\/style>\n<div class=\"wp-block-kadence-column kadence-column3047_b0d7c0-44\"><div class=\"kt-inside-inner-col\"><style>.kb-image3047_9b91a3-49 .kb-image-has-overlay:after{opacity:0.3;border-top-left-radius:20px;border-top-right-radius:20px;border-bottom-right-radius:20px;border-bottom-left-radius:20px;}.kb-image3047_9b91a3-49 img.kb-img, .kb-image3047_9b91a3-49 .kb-img img{border-top-left-radius:20px;border-top-right-radius:20px;border-bottom-right-radius:20px;border-bottom-left-radius:20px;box-shadow:20px 20px 30px 0px rgba(0, 0, 0, 0.2);}<\/style>\n<div class=\"wp-block-kadence-image kb-image3047_9b91a3-49\"><figure class=\"aligncenter size-full\"><a href=\"https:\/\/finns-foderhuse.dk\/index.php\/gulerodstaerte\/\" class=\"kb-advanced-image-link\"><img fetchpriority=\"high\" decoding=\"async\" width=\"800\" height=\"600\" src=\"https:\/\/finns-foderhuse.dk\/wp-content\/uploads\/2025\/09\/gulerodstaerte-faerdigbagt-600x800-1.jpg\" alt=\"gulerodst\u00e6rte - f\u00e6rdigbagt\" class=\"kb-img wp-image-3044\" srcset=\"https:\/\/finns-foderhuse.dk\/wp-content\/uploads\/2025\/09\/gulerodstaerte-faerdigbagt-600x800-1.jpg 800w, https:\/\/finns-foderhuse.dk\/wp-content\/uploads\/2025\/09\/gulerodstaerte-faerdigbagt-600x800-1-300x225.jpg 300w, https:\/\/finns-foderhuse.dk\/wp-content\/uploads\/2025\/09\/gulerodstaerte-faerdigbagt-600x800-1-768x576.jpg 768w\" sizes=\"(max-width: 800px) 100vw, 800px\" \/><\/a><figcaption>Gulerodst\u00e6rte<\/figcaption><\/figure><\/div>\n<\/div><\/div>\n\n\n<style>.kadence-column3047_b5c3de-76 > .kt-inside-inner-col,.kadence-column3047_b5c3de-76 > .kt-inside-inner-col:before{border-top-left-radius:0px;border-top-right-radius:0px;border-bottom-right-radius:0px;border-bottom-left-radius:0px;}.kadence-column3047_b5c3de-76 > .kt-inside-inner-col{column-gap:var(--global-kb-gap-sm, 1rem);}.kadence-column3047_b5c3de-76 > .kt-inside-inner-col{flex-direction:column;}.kadence-column3047_b5c3de-76 > .kt-inside-inner-col > .aligncenter{width:100%;}.kadence-column3047_b5c3de-76 > .kt-inside-inner-col:before{opacity:0.3;}.kadence-column3047_b5c3de-76{position:relative;}@media all and (max-width: 1024px){.kadence-column3047_b5c3de-76 > .kt-inside-inner-col{flex-direction:column;justify-content:center;}}@media all and (max-width: 767px){.kadence-column3047_b5c3de-76 > .kt-inside-inner-col{flex-direction:column;justify-content:center;}}<\/style>\n<div class=\"wp-block-kadence-column kadence-column3047_b5c3de-76\"><div class=\"kt-inside-inner-col\"><style>.kb-image3047_bc5411-24 .kb-image-has-overlay:after{opacity:0.3;border-top-left-radius:20px;border-top-right-radius:20px;border-bottom-right-radius:20px;border-bottom-left-radius:20px;}.kb-image3047_bc5411-24 img.kb-img, .kb-image3047_bc5411-24 .kb-img img{border-top-left-radius:20px;border-top-right-radius:20px;border-bottom-right-radius:20px;border-bottom-left-radius:20px;box-shadow:20px 20px 30px 0px rgba(0, 0, 0, 0.2);}<\/style>\n<div class=\"wp-block-kadence-image kb-image3047_bc5411-24\"><figure class=\"aligncenter size-full\"><a href=\"https:\/\/finns-foderhuse.dk\/index.php\/porretaerte\/\" class=\"kb-advanced-image-link\"><img decoding=\"async\" width=\"800\" height=\"600\" data-src=\"https:\/\/finns-foderhuse.dk\/wp-content\/uploads\/2025\/09\/porretaerte-faerdigbagt.jpg\" alt=\"porret\u00e6rte f\u00e6rdigbagt\" class=\"kb-img wp-image-3062 lazyload\" data-srcset=\"https:\/\/finns-foderhuse.dk\/wp-content\/uploads\/2025\/09\/porretaerte-faerdigbagt.jpg 800w, https:\/\/finns-foderhuse.dk\/wp-content\/uploads\/2025\/09\/porretaerte-faerdigbagt-300x225.jpg 300w, https:\/\/finns-foderhuse.dk\/wp-content\/uploads\/2025\/09\/porretaerte-faerdigbagt-768x576.jpg 768w\" data-sizes=\"(max-width: 800px) 100vw, 800px\" src=\"data:image\/svg+xml;base64,PHN2ZyB3aWR0aD0iMSIgaGVpZ2h0PSIxIiB4bWxucz0iaHR0cDovL3d3dy53My5vcmcvMjAwMC9zdmciPjwvc3ZnPg==\" style=\"--smush-placeholder-width: 800px; --smush-placeholder-aspect-ratio: 800\/600;\" \/><\/a><figcaption>Porret\u00e6rte<\/figcaption><\/figure><\/div>\n<\/div><\/div>\n\n\n<style>.kadence-column3047_be8c8b-f5 > .kt-inside-inner-col,.kadence-column3047_be8c8b-f5 > .kt-inside-inner-col:before{border-top-left-radius:0px;border-top-right-radius:0px;border-bottom-right-radius:0px;border-bottom-left-radius:0px;}.kadence-column3047_be8c8b-f5 > .kt-inside-inner-col{column-gap:var(--global-kb-gap-sm, 1rem);}.kadence-column3047_be8c8b-f5 > .kt-inside-inner-col{flex-direction:column;}.kadence-column3047_be8c8b-f5 > .kt-inside-inner-col > .aligncenter{width:100%;}.kadence-column3047_be8c8b-f5 > .kt-inside-inner-col:before{opacity:0.3;}.kadence-column3047_be8c8b-f5{position:relative;}@media all and (max-width: 1024px){.kadence-column3047_be8c8b-f5 > .kt-inside-inner-col{flex-direction:column;justify-content:center;}}@media all and (max-width: 767px){.kadence-column3047_be8c8b-f5 > .kt-inside-inner-col{flex-direction:column;justify-content:center;}}<\/style>\n<div class=\"wp-block-kadence-column kadence-column3047_be8c8b-f5\"><div class=\"kt-inside-inner-col\"><style>.kb-image3047_44a528-bf .kb-image-has-overlay:after{opacity:0.3;border-top-left-radius:20px;border-top-right-radius:20px;border-bottom-right-radius:20px;border-bottom-left-radius:20px;}.kb-image3047_44a528-bf img.kb-img, .kb-image3047_44a528-bf .kb-img img{border-top-left-radius:20px;border-top-right-radius:20px;border-bottom-right-radius:20px;border-bottom-left-radius:20px;box-shadow:20px 20px 30px 0px rgba(0, 0, 0, 0.2);}<\/style>\n<div class=\"wp-block-kadence-image kb-image3047_44a528-bf\"><figure class=\"aligncenter size-full\"><a href=\"https:\/\/finns-foderhuse.dk\/index.php\/gulerod-broccoli-taerte\/\" class=\"kb-advanced-image-link\"><img decoding=\"async\" width=\"800\" height=\"600\" data-src=\"https:\/\/finns-foderhuse.dk\/wp-content\/uploads\/2025\/09\/gullerod-broccoli-taerte-faerdigbagt.jpg\" alt=\"gullerod-broccoli t\u00e6rte\" class=\"kb-img wp-image-3089 lazyload\" data-srcset=\"https:\/\/finns-foderhuse.dk\/wp-content\/uploads\/2025\/09\/gullerod-broccoli-taerte-faerdigbagt.jpg 800w, https:\/\/finns-foderhuse.dk\/wp-content\/uploads\/2025\/09\/gullerod-broccoli-taerte-faerdigbagt-300x225.jpg 300w, https:\/\/finns-foderhuse.dk\/wp-content\/uploads\/2025\/09\/gullerod-broccoli-taerte-faerdigbagt-768x576.jpg 768w\" data-sizes=\"(max-width: 800px) 100vw, 800px\" src=\"data:image\/svg+xml;base64,PHN2ZyB3aWR0aD0iMSIgaGVpZ2h0PSIxIiB4bWxucz0iaHR0cDovL3d3dy53My5vcmcvMjAwMC9zdmciPjwvc3ZnPg==\" style=\"--smush-placeholder-width: 800px; --smush-placeholder-aspect-ratio: 800\/600;\" \/><\/a><figcaption>gullerod-broccoli t\u00e6rte <\/figcaption><\/figure><\/div>\n<\/div><\/div>\n\n<\/div><\/div>\n\n<style>.wp-block-kadence-advancedheading.kt-adv-heading3047_830346-f0, .wp-block-kadence-advancedheading.kt-adv-heading3047_830346-f0[data-kb-block=\"kb-adv-heading3047_830346-f0\"]{font-weight:300;font-style:normal;font-family:Arial, Helvetica, sans-serif;}.wp-block-kadence-advancedheading.kt-adv-heading3047_830346-f0 mark.kt-highlight, .wp-block-kadence-advancedheading.kt-adv-heading3047_830346-f0[data-kb-block=\"kb-adv-heading3047_830346-f0\"] mark.kt-highlight{font-style:normal;color:#f76a0c;-webkit-box-decoration-break:clone;box-decoration-break:clone;padding-top:0px;padding-right:0px;padding-bottom:0px;padding-left:0px;}.wp-block-kadence-advancedheading.kt-adv-heading3047_830346-f0 img.kb-inline-image, .wp-block-kadence-advancedheading.kt-adv-heading3047_830346-f0[data-kb-block=\"kb-adv-heading3047_830346-f0\"] img.kb-inline-image{width:150px;vertical-align:baseline;}<\/style>\n<h6 class=\"kt-adv-heading3047_830346-f0 wp-block-kadence-advancedheading\" data-kb-block=\"kb-adv-heading3047_830346-f0\"><\/h6>\n\n\n<style>.wp-block-kadence-advancedheading.kt-adv-heading3047_b35074-4d, .wp-block-kadence-advancedheading.kt-adv-heading3047_b35074-4d[data-kb-block=\"kb-adv-heading3047_b35074-4d\"]{font-weight:300;font-style:normal;font-family:Arial, Helvetica, sans-serif;}.wp-block-kadence-advancedheading.kt-adv-heading3047_b35074-4d mark.kt-highlight, .wp-block-kadence-advancedheading.kt-adv-heading3047_b35074-4d[data-kb-block=\"kb-adv-heading3047_b35074-4d\"] mark.kt-highlight{font-style:normal;color:#f76a0c;-webkit-box-decoration-break:clone;box-decoration-break:clone;padding-top:0px;padding-right:0px;padding-bottom:0px;padding-left:0px;}.wp-block-kadence-advancedheading.kt-adv-heading3047_b35074-4d img.kb-inline-image, .wp-block-kadence-advancedheading.kt-adv-heading3047_b35074-4d[data-kb-block=\"kb-adv-heading3047_b35074-4d\"] img.kb-inline-image{width:150px;vertical-align:baseline;}<\/style>\n<h6 class=\"kt-adv-heading3047_b35074-4d wp-block-kadence-advancedheading\" data-kb-block=\"kb-adv-heading3047_b35074-4d\"><\/h6>\n","protected":false},"excerpt":{"rendered":"","protected":false},"author":1,"featured_media":0,"parent":0,"menu_order":0,"comment_status":"closed","ping_status":"closed","template":"","meta":{"_acf_changed":false,"googlesitekit_rrm_CAow9bW7DA:productID":"","_zb_attr":"","zolo_post_video_link":"","footnotes":""},"class_list":["post-3047","page","type-page","status-publish"],"acf":[],"yoast_head":"<!-- This site is optimized with the Yoast SEO plugin v27.2 - https:\/\/yoast.com\/product\/yoast-seo-wordpress\/ -->\n<title>T\u00e6rter - finns-foderhuse<\/title>\n<meta name=\"description\" content=\"T\u00e6rter, madt\u00e6rter, gulerodst\u00e6rte, broccolit\u00e6rte, nem aftensmad, t\u00e6rter med gr\u00f8ntsager, aftensmad, aftensmad med gr\u00f8nt\" \/>\n<meta name=\"robots\" content=\"index, follow, max-snippet:-1, max-image-preview:large, max-video-preview:-1\" \/>\n<link rel=\"canonical\" href=\"https:\/\/finns-foderhuse.dk\/index.php\/taerter-taerter-aftensmad-nem-aftensmad\/\" \/>\n<meta property=\"og:locale\" content=\"da_DK\" \/>\n<meta property=\"og:type\" content=\"article\" \/>\n<meta property=\"og:title\" content=\"T\u00e6rter - finns-foderhuse\" \/>\n<meta property=\"og:description\" content=\"T\u00e6rter, madt\u00e6rter, gulerodst\u00e6rte, broccolit\u00e6rte, nem aftensmad, t\u00e6rter med gr\u00f8ntsager, aftensmad, aftensmad med gr\u00f8nt\" \/>\n<meta property=\"og:url\" content=\"https:\/\/finns-foderhuse.dk\/index.php\/taerter-taerter-aftensmad-nem-aftensmad\/\" \/>\n<meta property=\"og:site_name\" content=\"finns-foderhuse\" \/>\n<meta property=\"article:modified_time\" content=\"2025-09-22T14:09:17+00:00\" \/>\n<meta property=\"og:image\" content=\"https:\/\/finns-foderhuse.dk\/wp-content\/uploads\/2025\/09\/gulerodstaerte-faerdigbagt-600x800-1.jpg\" \/>\n\t<meta property=\"og:image:width\" content=\"800\" \/>\n\t<meta property=\"og:image:height\" content=\"600\" \/>\n\t<meta property=\"og:image:type\" content=\"image\/jpeg\" \/>\n<meta name=\"twitter:card\" content=\"summary_large_image\" \/>\n<meta name=\"twitter:label1\" content=\"Estimeret l\u00e6setid\" \/>\n\t<meta name=\"twitter:data1\" content=\"1 minut\" \/>\n<script type=\"application\/ld+json\" class=\"yoast-schema-graph\">{\"@context\":\"https:\/\/schema.org\",\"@graph\":[{\"@type\":\"WebPage\",\"@id\":\"https:\/\/finns-foderhuse.dk\/index.php\/taerter-taerter-aftensmad-nem-aftensmad\/\",\"url\":\"https:\/\/finns-foderhuse.dk\/index.php\/taerter-taerter-aftensmad-nem-aftensmad\/\",\"name\":\"T\u00e6rter - finns-foderhuse\",\"isPartOf\":{\"@id\":\"https:\/\/finns-foderhuse.dk\/#website\"},\"primaryImageOfPage\":{\"@id\":\"https:\/\/finns-foderhuse.dk\/index.php\/taerter-taerter-aftensmad-nem-aftensmad\/#primaryimage\"},\"image\":{\"@id\":\"https:\/\/finns-foderhuse.dk\/index.php\/taerter-taerter-aftensmad-nem-aftensmad\/#primaryimage\"},\"thumbnailUrl\":\"https:\/\/finns-foderhuse.dk\/wp-content\/uploads\/2025\/09\/gulerodstaerte-faerdigbagt-600x800-1.jpg\",\"datePublished\":\"2025-09-10T09:19:13+00:00\",\"dateModified\":\"2025-09-22T14:09:17+00:00\",\"description\":\"T\u00e6rter, madt\u00e6rter, gulerodst\u00e6rte, broccolit\u00e6rte, nem aftensmad, t\u00e6rter med gr\u00f8ntsager, aftensmad, aftensmad med gr\u00f8nt\",\"breadcrumb\":{\"@id\":\"https:\/\/finns-foderhuse.dk\/index.php\/taerter-taerter-aftensmad-nem-aftensmad\/#breadcrumb\"},\"inLanguage\":\"da-DK\",\"potentialAction\":[{\"@type\":\"ReadAction\",\"target\":[\"https:\/\/finns-foderhuse.dk\/index.php\/taerter-taerter-aftensmad-nem-aftensmad\/\"]}]},{\"@type\":\"ImageObject\",\"inLanguage\":\"da-DK\",\"@id\":\"https:\/\/finns-foderhuse.dk\/index.php\/taerter-taerter-aftensmad-nem-aftensmad\/#primaryimage\",\"url\":\"https:\/\/finns-foderhuse.dk\/wp-content\/uploads\/2025\/09\/gulerodstaerte-faerdigbagt-600x800-1.jpg\",\"contentUrl\":\"https:\/\/finns-foderhuse.dk\/wp-content\/uploads\/2025\/09\/gulerodstaerte-faerdigbagt-600x800-1.jpg\",\"width\":800,\"height\":600,\"caption\":\"gulerodst\u00e6rte - f\u00e6rdigbagt\"},{\"@type\":\"BreadcrumbList\",\"@id\":\"https:\/\/finns-foderhuse.dk\/index.php\/taerter-taerter-aftensmad-nem-aftensmad\/#breadcrumb\",\"itemListElement\":[{\"@type\":\"ListItem\",\"position\":1,\"name\":\"Hjem\",\"item\":\"https:\/\/finns-foderhuse.dk\/\"},{\"@type\":\"ListItem\",\"position\":2,\"name\":\"T\u00e6rter\"}]},{\"@type\":\"WebSite\",\"@id\":\"https:\/\/finns-foderhuse.dk\/#website\",\"url\":\"https:\/\/finns-foderhuse.dk\/\",\"name\":\"foderhuse og stativer\",\"description\":\"foderhuse og stativer\",\"publisher\":{\"@id\":\"https:\/\/finns-foderhuse.dk\/#\/schema\/person\/809a24843ef569f1eb4856f703b578f0\"},\"potentialAction\":[{\"@type\":\"SearchAction\",\"target\":{\"@type\":\"EntryPoint\",\"urlTemplate\":\"https:\/\/finns-foderhuse.dk\/?s={search_term_string}\"},\"query-input\":{\"@type\":\"PropertyValueSpecification\",\"valueRequired\":true,\"valueName\":\"search_term_string\"}}],\"inLanguage\":\"da-DK\"},{\"@type\":[\"Person\",\"Organization\"],\"@id\":\"https:\/\/finns-foderhuse.dk\/#\/schema\/person\/809a24843ef569f1eb4856f703b578f0\",\"name\":\"Finn Ekelund\",\"image\":{\"@type\":\"ImageObject\",\"inLanguage\":\"da-DK\",\"@id\":\"https:\/\/finns-foderhuse.dk\/wp-content\/uploads\/2025\/04\/tak-foderhus-str.-3.jpg\",\"url\":\"https:\/\/finns-foderhuse.dk\/wp-content\/uploads\/2025\/04\/tak-foderhus-str.-3.jpg\",\"contentUrl\":\"https:\/\/finns-foderhuse.dk\/wp-content\/uploads\/2025\/04\/tak-foderhus-str.-3.jpg\",\"width\":800,\"height\":600,\"caption\":\"Finn Ekelund\"},\"logo\":{\"@id\":\"https:\/\/finns-foderhuse.dk\/wp-content\/uploads\/2025\/04\/tak-foderhus-str.-3.jpg\"},\"description\":\"Er passioneret hobbymand, der elsker at arbejde i tr\u00e6\",\"sameAs\":[\"http:\/\/finns-foderhuse.dk\",\"https:\/\/www.instagram.com\/finns_foderhuse\/\",\"https:\/\/www.youtube.com\/@finns-foderhuse\"]}]}<\/script>\n<!-- \/ Yoast SEO plugin. -->","yoast_head_json":{"title":"T\u00e6rter - finns-foderhuse","description":"T\u00e6rter, madt\u00e6rter, gulerodst\u00e6rte, broccolit\u00e6rte, nem aftensmad, t\u00e6rter med gr\u00f8ntsager, aftensmad, aftensmad med gr\u00f8nt","robots":{"index":"index","follow":"follow","max-snippet":"max-snippet:-1","max-image-preview":"max-image-preview:large","max-video-preview":"max-video-preview:-1"},"canonical":"https:\/\/finns-foderhuse.dk\/index.php\/taerter-taerter-aftensmad-nem-aftensmad\/","og_locale":"da_DK","og_type":"article","og_title":"T\u00e6rter - finns-foderhuse","og_description":"T\u00e6rter, madt\u00e6rter, gulerodst\u00e6rte, broccolit\u00e6rte, nem aftensmad, t\u00e6rter med gr\u00f8ntsager, aftensmad, aftensmad med gr\u00f8nt","og_url":"https:\/\/finns-foderhuse.dk\/index.php\/taerter-taerter-aftensmad-nem-aftensmad\/","og_site_name":"finns-foderhuse","article_modified_time":"2025-09-22T14:09:17+00:00","og_image":[{"width":800,"height":600,"url":"https:\/\/finns-foderhuse.dk\/wp-content\/uploads\/2025\/09\/gulerodstaerte-faerdigbagt-600x800-1.jpg","type":"image\/jpeg"}],"twitter_card":"summary_large_image","twitter_misc":{"Estimeret l\u00e6setid":"1 minut"},"schema":{"@context":"https:\/\/schema.org","@graph":[{"@type":"WebPage","@id":"https:\/\/finns-foderhuse.dk\/index.php\/taerter-taerter-aftensmad-nem-aftensmad\/","url":"https:\/\/finns-foderhuse.dk\/index.php\/taerter-taerter-aftensmad-nem-aftensmad\/","name":"T\u00e6rter - finns-foderhuse","isPartOf":{"@id":"https:\/\/finns-foderhuse.dk\/#website"},"primaryImageOfPage":{"@id":"https:\/\/finns-foderhuse.dk\/index.php\/taerter-taerter-aftensmad-nem-aftensmad\/#primaryimage"},"image":{"@id":"https:\/\/finns-foderhuse.dk\/index.php\/taerter-taerter-aftensmad-nem-aftensmad\/#primaryimage"},"thumbnailUrl":"https:\/\/finns-foderhuse.dk\/wp-content\/uploads\/2025\/09\/gulerodstaerte-faerdigbagt-600x800-1.jpg","datePublished":"2025-09-10T09:19:13+00:00","dateModified":"2025-09-22T14:09:17+00:00","description":"T\u00e6rter, madt\u00e6rter, gulerodst\u00e6rte, broccolit\u00e6rte, nem aftensmad, t\u00e6rter med gr\u00f8ntsager, aftensmad, aftensmad med gr\u00f8nt","breadcrumb":{"@id":"https:\/\/finns-foderhuse.dk\/index.php\/taerter-taerter-aftensmad-nem-aftensmad\/#breadcrumb"},"inLanguage":"da-DK","potentialAction":[{"@type":"ReadAction","target":["https:\/\/finns-foderhuse.dk\/index.php\/taerter-taerter-aftensmad-nem-aftensmad\/"]}]},{"@type":"ImageObject","inLanguage":"da-DK","@id":"https:\/\/finns-foderhuse.dk\/index.php\/taerter-taerter-aftensmad-nem-aftensmad\/#primaryimage","url":"https:\/\/finns-foderhuse.dk\/wp-content\/uploads\/2025\/09\/gulerodstaerte-faerdigbagt-600x800-1.jpg","contentUrl":"https:\/\/finns-foderhuse.dk\/wp-content\/uploads\/2025\/09\/gulerodstaerte-faerdigbagt-600x800-1.jpg","width":800,"height":600,"caption":"gulerodst\u00e6rte - f\u00e6rdigbagt"},{"@type":"BreadcrumbList","@id":"https:\/\/finns-foderhuse.dk\/index.php\/taerter-taerter-aftensmad-nem-aftensmad\/#breadcrumb","itemListElement":[{"@type":"ListItem","position":1,"name":"Hjem","item":"https:\/\/finns-foderhuse.dk\/"},{"@type":"ListItem","position":2,"name":"T\u00e6rter"}]},{"@type":"WebSite","@id":"https:\/\/finns-foderhuse.dk\/#website","url":"https:\/\/finns-foderhuse.dk\/","name":"foderhuse og stativer","description":"foderhuse og stativer","publisher":{"@id":"https:\/\/finns-foderhuse.dk\/#\/schema\/person\/809a24843ef569f1eb4856f703b578f0"},"potentialAction":[{"@type":"SearchAction","target":{"@type":"EntryPoint","urlTemplate":"https:\/\/finns-foderhuse.dk\/?s={search_term_string}"},"query-input":{"@type":"PropertyValueSpecification","valueRequired":true,"valueName":"search_term_string"}}],"inLanguage":"da-DK"},{"@type":["Person","Organization"],"@id":"https:\/\/finns-foderhuse.dk\/#\/schema\/person\/809a24843ef569f1eb4856f703b578f0","name":"Finn Ekelund","image":{"@type":"ImageObject","inLanguage":"da-DK","@id":"https:\/\/finns-foderhuse.dk\/wp-content\/uploads\/2025\/04\/tak-foderhus-str.-3.jpg","url":"https:\/\/finns-foderhuse.dk\/wp-content\/uploads\/2025\/04\/tak-foderhus-str.-3.jpg","contentUrl":"https:\/\/finns-foderhuse.dk\/wp-content\/uploads\/2025\/04\/tak-foderhus-str.-3.jpg","width":800,"height":600,"caption":"Finn Ekelund"},"logo":{"@id":"https:\/\/finns-foderhuse.dk\/wp-content\/uploads\/2025\/04\/tak-foderhus-str.-3.jpg"},"description":"Er passioneret hobbymand, der elsker at arbejde i tr\u00e6","sameAs":["http:\/\/finns-foderhuse.dk","https:\/\/www.instagram.com\/finns_foderhuse\/","https:\/\/www.youtube.com\/@finns-foderhuse"]}]}},"_links":{"self":[{"href":"https:\/\/finns-foderhuse.dk\/index.php\/wp-json\/wp\/v2\/pages\/3047","targetHints":{"allow":["GET"]}}],"collection":[{"href":"https:\/\/finns-foderhuse.dk\/index.php\/wp-json\/wp\/v2\/pages"}],"about":[{"href":"https:\/\/finns-foderhuse.dk\/index.php\/wp-json\/wp\/v2\/types\/page"}],"author":[{"embeddable":true,"href":"https:\/\/finns-foderhuse.dk\/index.php\/wp-json\/wp\/v2\/users\/1"}],"replies":[{"embeddable":true,"href":"https:\/\/finns-foderhuse.dk\/index.php\/wp-json\/wp\/v2\/comments?post=3047"}],"version-history":[{"count":4,"href":"https:\/\/finns-foderhuse.dk\/index.php\/wp-json\/wp\/v2\/pages\/3047\/revisions"}],"predecessor-version":[{"id":3114,"href":"https:\/\/finns-foderhuse.dk\/index.php\/wp-json\/wp\/v2\/pages\/3047\/revisions\/3114"}],"wp:attachment":[{"href":"https:\/\/finns-foderhuse.dk\/index.php\/wp-json\/wp\/v2\/media?parent=3047"}],"curies":[{"name":"wp","href":"https:\/\/api.w.org\/{rel}","templated":true}]}}