{"id":2455,"date":"2025-07-12T17:23:50","date_gmt":"2025-07-12T17:23:50","guid":{"rendered":"https:\/\/finns-foderhuse.dk\/?page_id=2455"},"modified":"2025-07-15T17:44:00","modified_gmt":"2025-07-15T17:44:00","slug":"mange-tak-for-din-forespoergsel","status":"publish","type":"page","link":"https:\/\/finns-foderhuse.dk\/index.php\/mange-tak-for-din-forespoergsel\/","title":{"rendered":"Mange tak for din foresp\u00f8rgsel."},"content":{"rendered":"<style>.wp-block-kadence-advancedheading.kt-adv-heading2455_769849-f5, .wp-block-kadence-advancedheading.kt-adv-heading2455_769849-f5[data-kb-block=\"kb-adv-heading2455_769849-f5\"]{font-weight:400;font-style:normal;font-family:Arial, Helvetica, sans-serif;}.wp-block-kadence-advancedheading.kt-adv-heading2455_769849-f5 mark.kt-highlight, .wp-block-kadence-advancedheading.kt-adv-heading2455_769849-f5[data-kb-block=\"kb-adv-heading2455_769849-f5\"] mark.kt-highlight{font-style:normal;color:#f76a0c;-webkit-box-decoration-break:clone;box-decoration-break:clone;padding-top:0px;padding-right:0px;padding-bottom:0px;padding-left:0px;}.wp-block-kadence-advancedheading.kt-adv-heading2455_769849-f5 img.kb-inline-image, .wp-block-kadence-advancedheading.kt-adv-heading2455_769849-f5[data-kb-block=\"kb-adv-heading2455_769849-f5\"] img.kb-inline-image{width:150px;vertical-align:baseline;}<\/style>\n<h6 class=\"kt-adv-heading2455_769849-f5 wp-block-kadence-advancedheading\" data-kb-block=\"kb-adv-heading2455_769849-f5\"><br><\/h6>\n\n\n\n<div class=\"wp-block-media-text is-stacked-on-mobile has-background\" style=\"border-radius:37px;background:linear-gradient(135deg,rgb(122,220,180) 62%,rgb(0,208,130) 100%);margin-top:0;margin-right:0;margin-bottom:0;margin-left:0;padding-top:var(--wp--preset--spacing--40);padding-right:var(--wp--preset--spacing--40);padding-bottom:var(--wp--preset--spacing--40);padding-left:var(--wp--preset--spacing--40);font-size:36px;grid-template-columns:59% auto\"><figure class=\"wp-block-media-text__media\"><img fetchpriority=\"high\" decoding=\"async\" width=\"800\" height=\"600\" src=\"https:\/\/finns-foderhuse.dk\/wp-content\/uploads\/2025\/06\/tak-foderhus-str.-1.jpg\" alt=\"kontakt mig gerne\" class=\"wp-image-687 size-full\" srcset=\"https:\/\/finns-foderhuse.dk\/wp-content\/uploads\/2025\/06\/tak-foderhus-str.-1.jpg 800w, https:\/\/finns-foderhuse.dk\/wp-content\/uploads\/2025\/06\/tak-foderhus-str.-1-300x225.jpg 300w, https:\/\/finns-foderhuse.dk\/wp-content\/uploads\/2025\/06\/tak-foderhus-str.-1-768x576.jpg 768w\" sizes=\"(max-width: 800px) 100vw, 800px\" \/><\/figure><div class=\"wp-block-media-text__content\">\n<p class=\"has-text-align-center\" style=\"font-size:22px\">Tak for din foresp\u00f8rgsel<br><br>Jeg vil svare s\u00e5 hurtigt som jeg kan.<br>Med venlig hilsen<br>Finn Ekelund<br>2993 2501<\/p>\n<\/div><\/div>\n\n\n\n<p><\/p>\n\n\n\n<p><\/p>\n\n\n\n<p><\/p>\n\n\n\n<p><\/p>\n\n\n\n<p><\/p>\n\n\n\n<p><\/p>\n\n\n\n<p><\/p>\n\n\n\n<p><\/p>\n\n\n\n<p><\/p>\n\n\n\n<p><\/p>\n\n\n\n<p><\/p>\n\n\n\n<p><\/p>\n\n\n\n<p><\/p>\n\n\n\n<p><\/p>\n\n\n\n<p><\/p>\n\n\n\n<p><\/p>\n","protected":false},"excerpt":{"rendered":"<p>Tak for din foresp\u00f8rgsel Jeg vil svare s\u00e5 hurtigt som jeg kan.Med venlig hilsenFinn Ekelund2993 2501<\/p>\n","protected":false},"author":1,"featured_media":0,"parent":0,"menu_order":0,"comment_status":"closed","ping_status":"closed","template":"","meta":{"_acf_changed":false,"googlesitekit_rrm_CAow9bW7DA:productID":"","_zb_attr":"","zolo_post_video_link":"","footnotes":""},"class_list":["post-2455","page","type-page","status-publish"],"acf":[],"yoast_head":"<!-- This site is optimized with the Yoast SEO plugin v27.4 - https:\/\/yoast.com\/product\/yoast-seo-wordpress\/ -->\n<title>Mange tak for din foresp\u00f8rgsel. - finns-foderhuse<\/title>\n<meta name=\"robots\" content=\"index, follow, max-snippet:-1, max-image-preview:large, max-video-preview:-1\" \/>\n<link rel=\"canonical\" href=\"https:\/\/finns-foderhuse.dk\/index.php\/mange-tak-for-din-forespoergsel\/\" \/>\n<meta property=\"og:locale\" content=\"da_DK\" \/>\n<meta property=\"og:type\" content=\"article\" \/>\n<meta property=\"og:title\" content=\"Mange tak for din foresp\u00f8rgsel. - finns-foderhuse\" \/>\n<meta property=\"og:description\" content=\"Tak for din foresp\u00f8rgsel Jeg vil svare s\u00e5 hurtigt som jeg kan.Med venlig hilsenFinn Ekelund2993 2501\" \/>\n<meta property=\"og:url\" content=\"https:\/\/finns-foderhuse.dk\/index.php\/mange-tak-for-din-forespoergsel\/\" \/>\n<meta property=\"og:site_name\" content=\"finns-foderhuse\" \/>\n<meta property=\"article:modified_time\" content=\"2025-07-15T17:44:00+00:00\" \/>\n<meta property=\"og:image\" content=\"http:\/\/finns-foderhuse.dk\/wp-content\/uploads\/2025\/06\/tak-foderhus-str.-1.jpg\" \/>\n<meta name=\"twitter:card\" content=\"summary_large_image\" \/>\n<meta name=\"twitter:label1\" content=\"Estimeret l\u00e6setid\" \/>\n\t<meta name=\"twitter:data1\" content=\"1 minut\" \/>\n<script type=\"application\/ld+json\" class=\"yoast-schema-graph\">{\"@context\":\"https:\\\/\\\/schema.org\",\"@graph\":[{\"@type\":\"WebPage\",\"@id\":\"https:\\\/\\\/finns-foderhuse.dk\\\/index.php\\\/mange-tak-for-din-forespoergsel\\\/\",\"url\":\"https:\\\/\\\/finns-foderhuse.dk\\\/index.php\\\/mange-tak-for-din-forespoergsel\\\/\",\"name\":\"Mange tak for din foresp\u00f8rgsel. - finns-foderhuse\",\"isPartOf\":{\"@id\":\"https:\\\/\\\/finns-foderhuse.dk\\\/#website\"},\"primaryImageOfPage\":{\"@id\":\"https:\\\/\\\/finns-foderhuse.dk\\\/index.php\\\/mange-tak-for-din-forespoergsel\\\/#primaryimage\"},\"image\":{\"@id\":\"https:\\\/\\\/finns-foderhuse.dk\\\/index.php\\\/mange-tak-for-din-forespoergsel\\\/#primaryimage\"},\"thumbnailUrl\":\"http:\\\/\\\/finns-foderhuse.dk\\\/wp-content\\\/uploads\\\/2025\\\/06\\\/tak-foderhus-str.-1.jpg\",\"datePublished\":\"2025-07-12T17:23:50+00:00\",\"dateModified\":\"2025-07-15T17:44:00+00:00\",\"breadcrumb\":{\"@id\":\"https:\\\/\\\/finns-foderhuse.dk\\\/index.php\\\/mange-tak-for-din-forespoergsel\\\/#breadcrumb\"},\"inLanguage\":\"da-DK\",\"potentialAction\":[{\"@type\":\"ReadAction\",\"target\":[\"https:\\\/\\\/finns-foderhuse.dk\\\/index.php\\\/mange-tak-for-din-forespoergsel\\\/\"]}]},{\"@type\":\"ImageObject\",\"inLanguage\":\"da-DK\",\"@id\":\"https:\\\/\\\/finns-foderhuse.dk\\\/index.php\\\/mange-tak-for-din-forespoergsel\\\/#primaryimage\",\"url\":\"https:\\\/\\\/finns-foderhuse.dk\\\/wp-content\\\/uploads\\\/2025\\\/06\\\/tak-foderhus-str.-1.jpg\",\"contentUrl\":\"https:\\\/\\\/finns-foderhuse.dk\\\/wp-content\\\/uploads\\\/2025\\\/06\\\/tak-foderhus-str.-1.jpg\",\"width\":800,\"height\":600,\"caption\":\"kontakt mig gerne\"},{\"@type\":\"BreadcrumbList\",\"@id\":\"https:\\\/\\\/finns-foderhuse.dk\\\/index.php\\\/mange-tak-for-din-forespoergsel\\\/#breadcrumb\",\"itemListElement\":[{\"@type\":\"ListItem\",\"position\":1,\"name\":\"Hjem\",\"item\":\"https:\\\/\\\/finns-foderhuse.dk\\\/\"},{\"@type\":\"ListItem\",\"position\":2,\"name\":\"Mange tak for din foresp\u00f8rgsel.\"}]},{\"@type\":\"WebSite\",\"@id\":\"https:\\\/\\\/finns-foderhuse.dk\\\/#website\",\"url\":\"https:\\\/\\\/finns-foderhuse.dk\\\/\",\"name\":\"foderhuse og stativer\",\"description\":\"foderhuse og stativer\",\"publisher\":{\"@id\":\"https:\\\/\\\/finns-foderhuse.dk\\\/#\\\/schema\\\/person\\\/809a24843ef569f1eb4856f703b578f0\"},\"potentialAction\":[{\"@type\":\"SearchAction\",\"target\":{\"@type\":\"EntryPoint\",\"urlTemplate\":\"https:\\\/\\\/finns-foderhuse.dk\\\/?s={search_term_string}\"},\"query-input\":{\"@type\":\"PropertyValueSpecification\",\"valueRequired\":true,\"valueName\":\"search_term_string\"}}],\"inLanguage\":\"da-DK\"},{\"@type\":[\"Person\",\"Organization\"],\"@id\":\"https:\\\/\\\/finns-foderhuse.dk\\\/#\\\/schema\\\/person\\\/809a24843ef569f1eb4856f703b578f0\",\"name\":\"Finn Ekelund\",\"image\":{\"@type\":\"ImageObject\",\"inLanguage\":\"da-DK\",\"@id\":\"https:\\\/\\\/finns-foderhuse.dk\\\/wp-content\\\/uploads\\\/2025\\\/04\\\/tak-foderhus-str.-3.jpg\",\"url\":\"https:\\\/\\\/finns-foderhuse.dk\\\/wp-content\\\/uploads\\\/2025\\\/04\\\/tak-foderhus-str.-3.jpg\",\"contentUrl\":\"https:\\\/\\\/finns-foderhuse.dk\\\/wp-content\\\/uploads\\\/2025\\\/04\\\/tak-foderhus-str.-3.jpg\",\"width\":800,\"height\":600,\"caption\":\"Finn Ekelund\"},\"logo\":{\"@id\":\"https:\\\/\\\/finns-foderhuse.dk\\\/wp-content\\\/uploads\\\/2025\\\/04\\\/tak-foderhus-str.-3.jpg\"},\"description\":\"Er passioneret hobbymand, der elsker at arbejde i tr\u00e6\",\"sameAs\":[\"http:\\\/\\\/finns-foderhuse.dk\",\"https:\\\/\\\/www.instagram.com\\\/finns_foderhuse\\\/\",\"https:\\\/\\\/www.youtube.com\\\/@finns-foderhuse\"]}]}<\/script>\n<!-- \/ Yoast SEO plugin. -->","yoast_head_json":{"title":"Mange tak for din foresp\u00f8rgsel. - finns-foderhuse","robots":{"index":"index","follow":"follow","max-snippet":"max-snippet:-1","max-image-preview":"max-image-preview:large","max-video-preview":"max-video-preview:-1"},"canonical":"https:\/\/finns-foderhuse.dk\/index.php\/mange-tak-for-din-forespoergsel\/","og_locale":"da_DK","og_type":"article","og_title":"Mange tak for din foresp\u00f8rgsel. - finns-foderhuse","og_description":"Tak for din foresp\u00f8rgsel Jeg vil svare s\u00e5 hurtigt som jeg kan.Med venlig hilsenFinn Ekelund2993 2501","og_url":"https:\/\/finns-foderhuse.dk\/index.php\/mange-tak-for-din-forespoergsel\/","og_site_name":"finns-foderhuse","article_modified_time":"2025-07-15T17:44:00+00:00","og_image":[{"url":"http:\/\/finns-foderhuse.dk\/wp-content\/uploads\/2025\/06\/tak-foderhus-str.-1.jpg","type":"","width":"","height":""}],"twitter_card":"summary_large_image","twitter_misc":{"Estimeret l\u00e6setid":"1 minut"},"schema":{"@context":"https:\/\/schema.org","@graph":[{"@type":"WebPage","@id":"https:\/\/finns-foderhuse.dk\/index.php\/mange-tak-for-din-forespoergsel\/","url":"https:\/\/finns-foderhuse.dk\/index.php\/mange-tak-for-din-forespoergsel\/","name":"Mange tak for din foresp\u00f8rgsel. - finns-foderhuse","isPartOf":{"@id":"https:\/\/finns-foderhuse.dk\/#website"},"primaryImageOfPage":{"@id":"https:\/\/finns-foderhuse.dk\/index.php\/mange-tak-for-din-forespoergsel\/#primaryimage"},"image":{"@id":"https:\/\/finns-foderhuse.dk\/index.php\/mange-tak-for-din-forespoergsel\/#primaryimage"},"thumbnailUrl":"http:\/\/finns-foderhuse.dk\/wp-content\/uploads\/2025\/06\/tak-foderhus-str.-1.jpg","datePublished":"2025-07-12T17:23:50+00:00","dateModified":"2025-07-15T17:44:00+00:00","breadcrumb":{"@id":"https:\/\/finns-foderhuse.dk\/index.php\/mange-tak-for-din-forespoergsel\/#breadcrumb"},"inLanguage":"da-DK","potentialAction":[{"@type":"ReadAction","target":["https:\/\/finns-foderhuse.dk\/index.php\/mange-tak-for-din-forespoergsel\/"]}]},{"@type":"ImageObject","inLanguage":"da-DK","@id":"https:\/\/finns-foderhuse.dk\/index.php\/mange-tak-for-din-forespoergsel\/#primaryimage","url":"https:\/\/finns-foderhuse.dk\/wp-content\/uploads\/2025\/06\/tak-foderhus-str.-1.jpg","contentUrl":"https:\/\/finns-foderhuse.dk\/wp-content\/uploads\/2025\/06\/tak-foderhus-str.-1.jpg","width":800,"height":600,"caption":"kontakt mig gerne"},{"@type":"BreadcrumbList","@id":"https:\/\/finns-foderhuse.dk\/index.php\/mange-tak-for-din-forespoergsel\/#breadcrumb","itemListElement":[{"@type":"ListItem","position":1,"name":"Hjem","item":"https:\/\/finns-foderhuse.dk\/"},{"@type":"ListItem","position":2,"name":"Mange tak for din foresp\u00f8rgsel."}]},{"@type":"WebSite","@id":"https:\/\/finns-foderhuse.dk\/#website","url":"https:\/\/finns-foderhuse.dk\/","name":"foderhuse og stativer","description":"foderhuse og stativer","publisher":{"@id":"https:\/\/finns-foderhuse.dk\/#\/schema\/person\/809a24843ef569f1eb4856f703b578f0"},"potentialAction":[{"@type":"SearchAction","target":{"@type":"EntryPoint","urlTemplate":"https:\/\/finns-foderhuse.dk\/?s={search_term_string}"},"query-input":{"@type":"PropertyValueSpecification","valueRequired":true,"valueName":"search_term_string"}}],"inLanguage":"da-DK"},{"@type":["Person","Organization"],"@id":"https:\/\/finns-foderhuse.dk\/#\/schema\/person\/809a24843ef569f1eb4856f703b578f0","name":"Finn Ekelund","image":{"@type":"ImageObject","inLanguage":"da-DK","@id":"https:\/\/finns-foderhuse.dk\/wp-content\/uploads\/2025\/04\/tak-foderhus-str.-3.jpg","url":"https:\/\/finns-foderhuse.dk\/wp-content\/uploads\/2025\/04\/tak-foderhus-str.-3.jpg","contentUrl":"https:\/\/finns-foderhuse.dk\/wp-content\/uploads\/2025\/04\/tak-foderhus-str.-3.jpg","width":800,"height":600,"caption":"Finn Ekelund"},"logo":{"@id":"https:\/\/finns-foderhuse.dk\/wp-content\/uploads\/2025\/04\/tak-foderhus-str.-3.jpg"},"description":"Er passioneret hobbymand, der elsker at arbejde i tr\u00e6","sameAs":["http:\/\/finns-foderhuse.dk","https:\/\/www.instagram.com\/finns_foderhuse\/","https:\/\/www.youtube.com\/@finns-foderhuse"]}]}},"_links":{"self":[{"href":"https:\/\/finns-foderhuse.dk\/index.php\/wp-json\/wp\/v2\/pages\/2455","targetHints":{"allow":["GET"]}}],"collection":[{"href":"https:\/\/finns-foderhuse.dk\/index.php\/wp-json\/wp\/v2\/pages"}],"about":[{"href":"https:\/\/finns-foderhuse.dk\/index.php\/wp-json\/wp\/v2\/types\/page"}],"author":[{"embeddable":true,"href":"https:\/\/finns-foderhuse.dk\/index.php\/wp-json\/wp\/v2\/users\/1"}],"replies":[{"embeddable":true,"href":"https:\/\/finns-foderhuse.dk\/index.php\/wp-json\/wp\/v2\/comments?post=2455"}],"version-history":[{"count":12,"href":"https:\/\/finns-foderhuse.dk\/index.php\/wp-json\/wp\/v2\/pages\/2455\/revisions"}],"predecessor-version":[{"id":2504,"href":"https:\/\/finns-foderhuse.dk\/index.php\/wp-json\/wp\/v2\/pages\/2455\/revisions\/2504"}],"wp:attachment":[{"href":"https:\/\/finns-foderhuse.dk\/index.php\/wp-json\/wp\/v2\/media?parent=2455"}],"curies":[{"name":"wp","href":"https:\/\/api.w.org\/{rel}","templated":true}]}}