{"id":1426,"date":"2025-06-12T11:20:14","date_gmt":"2025-06-12T11:20:14","guid":{"rendered":"https:\/\/finns-foderhuse.dk\/?page_id=1426"},"modified":"2026-01-21T14:22:48","modified_gmt":"2026-01-21T14:22:48","slug":"egern-foderhus","status":"publish","type":"page","link":"https:\/\/finns-foderhuse.dk\/index.php\/egern-foderhus\/","title":{"rendered":"Egern foderhus"},"content":{"rendered":"\n\n<div class=\"wp-block-kadence-column kadence-column1426_c3f36a-92\"><div class=\"kt-inside-inner-col\"><\/div><\/div>\n\n\n\n<div class=\"wp-block-kadence-column kadence-column1426_facc2f-1c\"><div class=\"kt-inside-inner-col\">\n<div class=\"wp-block-kadence-image kb-image1426_d3e223-ad\"><figure class=\"aligncenter size-full\"><img fetchpriority=\"high\" decoding=\"async\" width=\"800\" height=\"600\" src=\"https:\/\/finns-foderhuse.dk\/wp-content\/uploads\/2025\/06\/egern-foderbraet-med-noedder.jpg\" alt=\"egern foderbr\u00e6t med n\u00f8dder\" class=\"kb-img wp-image-1429\" srcset=\"https:\/\/finns-foderhuse.dk\/wp-content\/uploads\/2025\/06\/egern-foderbraet-med-noedder.jpg 800w, https:\/\/finns-foderhuse.dk\/wp-content\/uploads\/2025\/06\/egern-foderbraet-med-noedder-300x225.jpg 300w, https:\/\/finns-foderhuse.dk\/wp-content\/uploads\/2025\/06\/egern-foderbraet-med-noedder-768x576.jpg 768w\" sizes=\"(max-width: 800px) 100vw, 800px\" \/><figcaption>egern foderbr\u00e6t med n\u00f8dder<\/figcaption><\/figure><\/div>\n<\/div><\/div>\n\n\n\n<div class=\"wp-block-kadence-column kadence-column1426_b72373-d2\"><div class=\"kt-inside-inner-col\"><\/div><\/div>\n\n\n\n\n<h6 class=\"kt-adv-heading1426_ee8179-65 wp-block-kadence-advancedheading\" data-kb-block=\"kb-adv-heading1426_ee8179-65\">Vi har 2 sorte egern i haven som farer rundt i vores tr\u00e6er. De sidder ofte i foderbr\u00e6ttet til fuglene og det er ogs\u00e5 ok men nu har de  f\u00e5et deres eget foderhus.<br>Vi var s\u00e5 heldige at f\u00e5 en pose valn\u00f8dder fra en nabo. Nok til 2 gange i foderhuset. <br>Der gik s\u00e5dan ca. 2 dage s\u00e5 var n\u00f8dderne v\u00e6k.  Enten har de spist dem eller gemt dem til en anden gang.<\/h6>\n\n\n\n\n<div class=\"wp-block-kadence-column kadence-column1426_d9566a-af\"><div class=\"kt-inside-inner-col\">\n<div class=\"wp-block-kadence-image kb-image1426_6145fe-91\"><figure class=\"aligncenter\"><img decoding=\"async\" width=\"899\" height=\"600\" data-src=\"https:\/\/finns-foderhuse.dk\/wp-content\/uploads\/2025\/06\/egern-foderbraet-siden-med-taget-nede.jpg\" alt=\"egern foderbr\u00e6t - siden med taget nede\" class=\"kb-img wp-image-1445 lazyload\" data-srcset=\"https:\/\/finns-foderhuse.dk\/wp-content\/uploads\/2025\/06\/egern-foderbraet-siden-med-taget-nede.jpg 899w, https:\/\/finns-foderhuse.dk\/wp-content\/uploads\/2025\/06\/egern-foderbraet-siden-med-taget-nede-300x200.jpg 300w, https:\/\/finns-foderhuse.dk\/wp-content\/uploads\/2025\/06\/egern-foderbraet-siden-med-taget-nede-768x513.jpg 768w\" data-sizes=\"(max-width: 899px) 100vw, 899px\" src=\"data:image\/svg+xml;base64,PHN2ZyB3aWR0aD0iMSIgaGVpZ2h0PSIxIiB4bWxucz0iaHR0cDovL3d3dy53My5vcmcvMjAwMC9zdmciPjwvc3ZnPg==\" style=\"--smush-placeholder-width: 899px; --smush-placeholder-aspect-ratio: 899\/600;\" \/><figcaption>egern foderbr\u00e6t -forfra<\/figcaption><\/figure><\/div>\n<\/div><\/div>\n\n\n\n<div class=\"wp-block-kadence-column kadence-column1426_623710-5d\"><div class=\"kt-inside-inner-col\">\n<div class=\"wp-block-kadence-image kb-image1426_3d405c-4a\"><figure class=\"aligncenter\"><img decoding=\"async\" width=\"900\" height=\"600\" data-src=\"https:\/\/finns-foderhuse.dk\/wp-content\/uploads\/2025\/06\/egern-foderbraet-bagfra.jpg\" alt=\"egern foderbr\u00e6t - bagfra\" class=\"kb-img wp-image-1444 lazyload\" data-srcset=\"https:\/\/finns-foderhuse.dk\/wp-content\/uploads\/2025\/06\/egern-foderbraet-bagfra.jpg 900w, https:\/\/finns-foderhuse.dk\/wp-content\/uploads\/2025\/06\/egern-foderbraet-bagfra-300x200.jpg 300w, https:\/\/finns-foderhuse.dk\/wp-content\/uploads\/2025\/06\/egern-foderbraet-bagfra-768x512.jpg 768w\" data-sizes=\"(max-width: 900px) 100vw, 900px\" src=\"data:image\/svg+xml;base64,PHN2ZyB3aWR0aD0iMSIgaGVpZ2h0PSIxIiB4bWxucz0iaHR0cDovL3d3dy53My5vcmcvMjAwMC9zdmciPjwvc3ZnPg==\" style=\"--smush-placeholder-width: 900px; --smush-placeholder-aspect-ratio: 900\/600;\" \/><figcaption>egern foderbr\u00e6t -forfra<\/figcaption><\/figure><\/div>\n<\/div><\/div>\n\n\n\n<div class=\"wp-block-kadence-column kadence-column1426_1d8fd4-3a\"><div class=\"kt-inside-inner-col\"><\/div><\/div>\n\n\n\n\n\n<div class=\"wp-block-kadence-column kadence-column1426_2451d0-76\"><div class=\"kt-inside-inner-col\">\n<div class=\"wp-block-kadence-image kb-image1426_e8eabd-df\"><figure class=\"aligncenter\"><img decoding=\"async\" width=\"900\" height=\"600\" data-src=\"https:\/\/finns-foderhuse.dk\/wp-content\/uploads\/2025\/06\/egern-foderbraet-siden-med-taget-oppe.jpg\" alt=\"egern foderbr\u00e6t - siden med taget oppe\" class=\"kb-img wp-image-1446 lazyload\" data-srcset=\"https:\/\/finns-foderhuse.dk\/wp-content\/uploads\/2025\/06\/egern-foderbraet-siden-med-taget-oppe.jpg 900w, https:\/\/finns-foderhuse.dk\/wp-content\/uploads\/2025\/06\/egern-foderbraet-siden-med-taget-oppe-300x200.jpg 300w, https:\/\/finns-foderhuse.dk\/wp-content\/uploads\/2025\/06\/egern-foderbraet-siden-med-taget-oppe-768x512.jpg 768w\" data-sizes=\"(max-width: 900px) 100vw, 900px\" src=\"data:image\/svg+xml;base64,PHN2ZyB3aWR0aD0iMSIgaGVpZ2h0PSIxIiB4bWxucz0iaHR0cDovL3d3dy53My5vcmcvMjAwMC9zdmciPjwvc3ZnPg==\" style=\"--smush-placeholder-width: 900px; --smush-placeholder-aspect-ratio: 900\/600;\" \/><figcaption>egern foderbr\u00e6t -forfra<\/figcaption><\/figure><\/div>\n<\/div><\/div>\n\n\n\n<div class=\"wp-block-kadence-column kadence-column1426_58b1fe-1b\"><div class=\"kt-inside-inner-col\">\n<div class=\"wp-block-kadence-image kb-image1426_cfc747-27\"><figure class=\"aligncenter size-full\"><img decoding=\"async\" width=\"900\" height=\"600\" data-src=\"https:\/\/finns-foderhuse.dk\/wp-content\/uploads\/2025\/06\/egern-foderbraet-forfra.jpg\" alt=\"egern foderbr\u00e6t -forfra\" class=\"kb-img wp-image-1447 lazyload\" data-srcset=\"https:\/\/finns-foderhuse.dk\/wp-content\/uploads\/2025\/06\/egern-foderbraet-forfra.jpg 900w, https:\/\/finns-foderhuse.dk\/wp-content\/uploads\/2025\/06\/egern-foderbraet-forfra-300x200.jpg 300w, https:\/\/finns-foderhuse.dk\/wp-content\/uploads\/2025\/06\/egern-foderbraet-forfra-768x512.jpg 768w\" data-sizes=\"(max-width: 900px) 100vw, 900px\" src=\"data:image\/svg+xml;base64,PHN2ZyB3aWR0aD0iMSIgaGVpZ2h0PSIxIiB4bWxucz0iaHR0cDovL3d3dy53My5vcmcvMjAwMC9zdmciPjwvc3ZnPg==\" style=\"--smush-placeholder-width: 900px; --smush-placeholder-aspect-ratio: 900\/600;\" \/><figcaption>egern foderbr\u00e6t -forfra<\/figcaption><\/figure><\/div>\n<\/div><\/div>\n\n\n\n<div class=\"wp-block-kadence-column kadence-column1426_c7409f-02\"><div class=\"kt-inside-inner-col\"><\/div><\/div>\n\n\n\n\n<figure class=\"wp-block-video\"><video controls src=\"https:\/\/finns-foderhuse.dk\/wp-content\/uploads\/2025\/09\/egern-i-foderbraet.mp4\"><\/video><\/figure>\n\n\n\n<h6 class=\"kt-adv-heading1426_f8c0e3-20 wp-block-kadence-advancedheading\" data-kb-block=\"kb-adv-heading1426_f8c0e3-20\">Jeg har v\u00e6ret s\u00e5 heldtig at f\u00e5 en lille video klip af vores sorte egern i haven<\/h6>\n\n\n\n<h6 class=\"kt-adv-heading1426_83305f-bc wp-block-kadence-advancedheading\" data-kb-block=\"kb-adv-heading1426_83305f-bc\">Jeg kan lave et egern foderhus til dig, men det skal bestilles, da jeg ikke har dem p\u00e5 lager<\/h6>\n\n\n\n<figure class=\"wp-block-kadence-image kb-image1426_37270c-08 size-1536x1536\"><img decoding=\"async\" width=\"1536\" height=\"320\" data-src=\"https:\/\/finns-foderhuse.dk\/wp-content\/uploads\/2025\/04\/rabat-ved-oerbaek-1920x400-1-1536x320.jpg\" alt=\"rabat ved \u00f8rb\u00e6k p\u00e5 Fyn - topbanner\" class=\"kb-img wp-image-70 lazyload\" data-srcset=\"https:\/\/finns-foderhuse.dk\/wp-content\/uploads\/2025\/04\/rabat-ved-oerbaek-1920x400-1-1536x320.jpg 1536w, https:\/\/finns-foderhuse.dk\/wp-content\/uploads\/2025\/04\/rabat-ved-oerbaek-1920x400-1-300x63.jpg 300w, https:\/\/finns-foderhuse.dk\/wp-content\/uploads\/2025\/04\/rabat-ved-oerbaek-1920x400-1-1024x213.jpg 1024w, https:\/\/finns-foderhuse.dk\/wp-content\/uploads\/2025\/04\/rabat-ved-oerbaek-1920x400-1-768x160.jpg 768w, https:\/\/finns-foderhuse.dk\/wp-content\/uploads\/2025\/04\/rabat-ved-oerbaek-1920x400-1.jpg 1920w\" data-sizes=\"(max-width: 1536px) 100vw, 1536px\" src=\"data:image\/svg+xml;base64,PHN2ZyB3aWR0aD0iMSIgaGVpZ2h0PSIxIiB4bWxucz0iaHR0cDovL3d3dy53My5vcmcvMjAwMC9zdmciPjwvc3ZnPg==\" style=\"--smush-placeholder-width: 1536px; --smush-placeholder-aspect-ratio: 1536\/320;\" \/><figcaption>rabat ved \u00f8rb\u00e6k p\u00e5 Fyn<\/figcaption><\/figure>\n\n\n\n<div class=\"wp-block-kadence-spacer aligncenter kt-block-spacer-1426_149bef-0a\"><div class=\"kt-block-spacer kt-block-spacer-halign-center\"><hr class=\"kt-divider\"\/><\/div><\/div>\n\n\n\n<h6 class=\"kt-adv-heading1426_7dadd6-6d wp-block-kadence-advancedheading\" data-kb-block=\"kb-adv-heading1426_7dadd6-6d\"><\/h6>\n","protected":false},"excerpt":{"rendered":"<p>Vi har 2 sorte egern i haven som farer rundt i vores tr\u00e6er. De sidder ofte i foderbr\u00e6ttet til fuglene og det er ogs\u00e5 ok men nu har de f\u00e5et deres eget foderhus.Vi var s\u00e5 heldige at f\u00e5 en pose valn\u00f8dder fra en nabo. Nok til 2 gange i foderhuset. Der gik s\u00e5dan ca. 2 dage s\u00e5 var n\u00f8dderne v\u00e6k. Enten har de spist dem eller gemt dem til en anden gang. Jeg har v\u00e6ret s\u00e5 heldtig at f\u00e5 en lille video klip af vores sorte egern i haven Jeg kan lave et egern foderhus til dig, men det skal bestilles, da jeg ikke har dem p\u00e5 lager<\/p>\n","protected":false},"author":1,"featured_media":0,"parent":0,"menu_order":0,"comment_status":"open","ping_status":"closed","template":"","meta":{"_acf_changed":false,"googlesitekit_rrm_CAow9bW7DA:productID":"","_zb_attr":"","zolo_post_video_link":"","footnotes":""},"class_list":["post-1426","page","type-page","status-publish"],"acf":[],"yoast_head":"<!-- This site is optimized with the Yoast SEO plugin v27.2 - https:\/\/yoast.com\/product\/yoast-seo-wordpress\/ -->\n<title>Egern foderhus - finns-foderhuse<\/title>\n<meta name=\"description\" content=\"Egern foderhus, foderhus, 6 kantet foderhus, foderbr\u00e6t i kraftig kvalitet, foderbr\u00e6t til fuglestativer, rektangul\u00e6rt foderbr\u00e6t\" \/>\n<meta name=\"robots\" content=\"index, follow, max-snippet:-1, max-image-preview:large, max-video-preview:-1\" \/>\n<link rel=\"canonical\" href=\"https:\/\/finns-foderhuse.dk\/index.php\/egern-foderhus\/\" \/>\n<meta property=\"og:locale\" content=\"da_DK\" \/>\n<meta property=\"og:type\" content=\"article\" \/>\n<meta property=\"og:title\" content=\"Egern foderhus - finns-foderhuse\" \/>\n<meta property=\"og:description\" content=\"Egern foderhus, foderhus, 6 kantet foderhus, foderbr\u00e6t i kraftig kvalitet, foderbr\u00e6t til fuglestativer, rektangul\u00e6rt foderbr\u00e6t\" \/>\n<meta property=\"og:url\" content=\"https:\/\/finns-foderhuse.dk\/index.php\/egern-foderhus\/\" \/>\n<meta property=\"og:site_name\" content=\"finns-foderhuse\" \/>\n<meta property=\"article:modified_time\" content=\"2026-01-21T14:22:48+00:00\" \/>\n<meta property=\"og:image\" content=\"http:\/\/finns-foderhuse.dk\/wp-content\/uploads\/2025\/06\/egern-foderbraet-med-noedder.jpg\" \/>\n<meta name=\"twitter:card\" content=\"summary_large_image\" \/>\n<meta name=\"twitter:label1\" content=\"Estimeret l\u00e6setid\" \/>\n\t<meta name=\"twitter:data1\" content=\"2 minutter\" \/>\n<script type=\"application\/ld+json\" class=\"yoast-schema-graph\">{\"@context\":\"https:\/\/schema.org\",\"@graph\":[{\"@type\":\"WebPage\",\"@id\":\"https:\/\/finns-foderhuse.dk\/index.php\/egern-foderhus\/\",\"url\":\"https:\/\/finns-foderhuse.dk\/index.php\/egern-foderhus\/\",\"name\":\"Egern foderhus - finns-foderhuse\",\"isPartOf\":{\"@id\":\"https:\/\/finns-foderhuse.dk\/#website\"},\"primaryImageOfPage\":{\"@id\":\"https:\/\/finns-foderhuse.dk\/index.php\/egern-foderhus\/#primaryimage\"},\"image\":{\"@id\":\"https:\/\/finns-foderhuse.dk\/index.php\/egern-foderhus\/#primaryimage\"},\"thumbnailUrl\":\"http:\/\/finns-foderhuse.dk\/wp-content\/uploads\/2025\/06\/egern-foderbraet-med-noedder.jpg\",\"datePublished\":\"2025-06-12T11:20:14+00:00\",\"dateModified\":\"2026-01-21T14:22:48+00:00\",\"description\":\"Egern foderhus, foderhus, 6 kantet foderhus, foderbr\u00e6t i kraftig kvalitet, foderbr\u00e6t til fuglestativer, rektangul\u00e6rt foderbr\u00e6t\",\"breadcrumb\":{\"@id\":\"https:\/\/finns-foderhuse.dk\/index.php\/egern-foderhus\/#breadcrumb\"},\"inLanguage\":\"da-DK\",\"potentialAction\":[{\"@type\":\"ReadAction\",\"target\":[\"https:\/\/finns-foderhuse.dk\/index.php\/egern-foderhus\/\"]}]},{\"@type\":\"ImageObject\",\"inLanguage\":\"da-DK\",\"@id\":\"https:\/\/finns-foderhuse.dk\/index.php\/egern-foderhus\/#primaryimage\",\"url\":\"http:\/\/finns-foderhuse.dk\/wp-content\/uploads\/2025\/06\/egern-foderbraet-med-noedder.jpg\",\"contentUrl\":\"http:\/\/finns-foderhuse.dk\/wp-content\/uploads\/2025\/06\/egern-foderbraet-med-noedder.jpg\"},{\"@type\":\"BreadcrumbList\",\"@id\":\"https:\/\/finns-foderhuse.dk\/index.php\/egern-foderhus\/#breadcrumb\",\"itemListElement\":[{\"@type\":\"ListItem\",\"position\":1,\"name\":\"Hjem\",\"item\":\"https:\/\/finns-foderhuse.dk\/\"},{\"@type\":\"ListItem\",\"position\":2,\"name\":\"Egern foderhus\"}]},{\"@type\":\"WebSite\",\"@id\":\"https:\/\/finns-foderhuse.dk\/#website\",\"url\":\"https:\/\/finns-foderhuse.dk\/\",\"name\":\"foderhuse og stativer\",\"description\":\"foderhuse og stativer\",\"publisher\":{\"@id\":\"https:\/\/finns-foderhuse.dk\/#\/schema\/person\/809a24843ef569f1eb4856f703b578f0\"},\"potentialAction\":[{\"@type\":\"SearchAction\",\"target\":{\"@type\":\"EntryPoint\",\"urlTemplate\":\"https:\/\/finns-foderhuse.dk\/?s={search_term_string}\"},\"query-input\":{\"@type\":\"PropertyValueSpecification\",\"valueRequired\":true,\"valueName\":\"search_term_string\"}}],\"inLanguage\":\"da-DK\"},{\"@type\":[\"Person\",\"Organization\"],\"@id\":\"https:\/\/finns-foderhuse.dk\/#\/schema\/person\/809a24843ef569f1eb4856f703b578f0\",\"name\":\"Finn Ekelund\",\"image\":{\"@type\":\"ImageObject\",\"inLanguage\":\"da-DK\",\"@id\":\"https:\/\/finns-foderhuse.dk\/wp-content\/uploads\/2025\/04\/tak-foderhus-str.-3.jpg\",\"url\":\"https:\/\/finns-foderhuse.dk\/wp-content\/uploads\/2025\/04\/tak-foderhus-str.-3.jpg\",\"contentUrl\":\"https:\/\/finns-foderhuse.dk\/wp-content\/uploads\/2025\/04\/tak-foderhus-str.-3.jpg\",\"width\":800,\"height\":600,\"caption\":\"Finn Ekelund\"},\"logo\":{\"@id\":\"https:\/\/finns-foderhuse.dk\/wp-content\/uploads\/2025\/04\/tak-foderhus-str.-3.jpg\"},\"description\":\"Er passioneret hobbymand, der elsker at arbejde i tr\u00e6\",\"sameAs\":[\"http:\/\/finns-foderhuse.dk\",\"https:\/\/www.instagram.com\/finns_foderhuse\/\",\"https:\/\/www.youtube.com\/@finns-foderhuse\"]}]}<\/script>\n<!-- \/ Yoast SEO plugin. -->","yoast_head_json":{"title":"Egern foderhus - finns-foderhuse","description":"Egern foderhus, foderhus, 6 kantet foderhus, foderbr\u00e6t i kraftig kvalitet, foderbr\u00e6t til fuglestativer, rektangul\u00e6rt foderbr\u00e6t","robots":{"index":"index","follow":"follow","max-snippet":"max-snippet:-1","max-image-preview":"max-image-preview:large","max-video-preview":"max-video-preview:-1"},"canonical":"https:\/\/finns-foderhuse.dk\/index.php\/egern-foderhus\/","og_locale":"da_DK","og_type":"article","og_title":"Egern foderhus - finns-foderhuse","og_description":"Egern foderhus, foderhus, 6 kantet foderhus, foderbr\u00e6t i kraftig kvalitet, foderbr\u00e6t til fuglestativer, rektangul\u00e6rt foderbr\u00e6t","og_url":"https:\/\/finns-foderhuse.dk\/index.php\/egern-foderhus\/","og_site_name":"finns-foderhuse","article_modified_time":"2026-01-21T14:22:48+00:00","og_image":[{"url":"http:\/\/finns-foderhuse.dk\/wp-content\/uploads\/2025\/06\/egern-foderbraet-med-noedder.jpg","type":"","width":"","height":""}],"twitter_card":"summary_large_image","twitter_misc":{"Estimeret l\u00e6setid":"2 minutter"},"schema":{"@context":"https:\/\/schema.org","@graph":[{"@type":"WebPage","@id":"https:\/\/finns-foderhuse.dk\/index.php\/egern-foderhus\/","url":"https:\/\/finns-foderhuse.dk\/index.php\/egern-foderhus\/","name":"Egern foderhus - finns-foderhuse","isPartOf":{"@id":"https:\/\/finns-foderhuse.dk\/#website"},"primaryImageOfPage":{"@id":"https:\/\/finns-foderhuse.dk\/index.php\/egern-foderhus\/#primaryimage"},"image":{"@id":"https:\/\/finns-foderhuse.dk\/index.php\/egern-foderhus\/#primaryimage"},"thumbnailUrl":"http:\/\/finns-foderhuse.dk\/wp-content\/uploads\/2025\/06\/egern-foderbraet-med-noedder.jpg","datePublished":"2025-06-12T11:20:14+00:00","dateModified":"2026-01-21T14:22:48+00:00","description":"Egern foderhus, foderhus, 6 kantet foderhus, foderbr\u00e6t i kraftig kvalitet, foderbr\u00e6t til fuglestativer, rektangul\u00e6rt foderbr\u00e6t","breadcrumb":{"@id":"https:\/\/finns-foderhuse.dk\/index.php\/egern-foderhus\/#breadcrumb"},"inLanguage":"da-DK","potentialAction":[{"@type":"ReadAction","target":["https:\/\/finns-foderhuse.dk\/index.php\/egern-foderhus\/"]}]},{"@type":"ImageObject","inLanguage":"da-DK","@id":"https:\/\/finns-foderhuse.dk\/index.php\/egern-foderhus\/#primaryimage","url":"http:\/\/finns-foderhuse.dk\/wp-content\/uploads\/2025\/06\/egern-foderbraet-med-noedder.jpg","contentUrl":"http:\/\/finns-foderhuse.dk\/wp-content\/uploads\/2025\/06\/egern-foderbraet-med-noedder.jpg"},{"@type":"BreadcrumbList","@id":"https:\/\/finns-foderhuse.dk\/index.php\/egern-foderhus\/#breadcrumb","itemListElement":[{"@type":"ListItem","position":1,"name":"Hjem","item":"https:\/\/finns-foderhuse.dk\/"},{"@type":"ListItem","position":2,"name":"Egern foderhus"}]},{"@type":"WebSite","@id":"https:\/\/finns-foderhuse.dk\/#website","url":"https:\/\/finns-foderhuse.dk\/","name":"foderhuse og stativer","description":"foderhuse og stativer","publisher":{"@id":"https:\/\/finns-foderhuse.dk\/#\/schema\/person\/809a24843ef569f1eb4856f703b578f0"},"potentialAction":[{"@type":"SearchAction","target":{"@type":"EntryPoint","urlTemplate":"https:\/\/finns-foderhuse.dk\/?s={search_term_string}"},"query-input":{"@type":"PropertyValueSpecification","valueRequired":true,"valueName":"search_term_string"}}],"inLanguage":"da-DK"},{"@type":["Person","Organization"],"@id":"https:\/\/finns-foderhuse.dk\/#\/schema\/person\/809a24843ef569f1eb4856f703b578f0","name":"Finn Ekelund","image":{"@type":"ImageObject","inLanguage":"da-DK","@id":"https:\/\/finns-foderhuse.dk\/wp-content\/uploads\/2025\/04\/tak-foderhus-str.-3.jpg","url":"https:\/\/finns-foderhuse.dk\/wp-content\/uploads\/2025\/04\/tak-foderhus-str.-3.jpg","contentUrl":"https:\/\/finns-foderhuse.dk\/wp-content\/uploads\/2025\/04\/tak-foderhus-str.-3.jpg","width":800,"height":600,"caption":"Finn Ekelund"},"logo":{"@id":"https:\/\/finns-foderhuse.dk\/wp-content\/uploads\/2025\/04\/tak-foderhus-str.-3.jpg"},"description":"Er passioneret hobbymand, der elsker at arbejde i tr\u00e6","sameAs":["http:\/\/finns-foderhuse.dk","https:\/\/www.instagram.com\/finns_foderhuse\/","https:\/\/www.youtube.com\/@finns-foderhuse"]}]}},"_links":{"self":[{"href":"https:\/\/finns-foderhuse.dk\/index.php\/wp-json\/wp\/v2\/pages\/1426","targetHints":{"allow":["GET"]}}],"collection":[{"href":"https:\/\/finns-foderhuse.dk\/index.php\/wp-json\/wp\/v2\/pages"}],"about":[{"href":"https:\/\/finns-foderhuse.dk\/index.php\/wp-json\/wp\/v2\/types\/page"}],"author":[{"embeddable":true,"href":"https:\/\/finns-foderhuse.dk\/index.php\/wp-json\/wp\/v2\/users\/1"}],"replies":[{"embeddable":true,"href":"https:\/\/finns-foderhuse.dk\/index.php\/wp-json\/wp\/v2\/comments?post=1426"}],"version-history":[{"count":44,"href":"https:\/\/finns-foderhuse.dk\/index.php\/wp-json\/wp\/v2\/pages\/1426\/revisions"}],"predecessor-version":[{"id":3784,"href":"https:\/\/finns-foderhuse.dk\/index.php\/wp-json\/wp\/v2\/pages\/1426\/revisions\/3784"}],"wp:attachment":[{"href":"https:\/\/finns-foderhuse.dk\/index.php\/wp-json\/wp\/v2\/media?parent=1426"}],"curies":[{"name":"wp","href":"https:\/\/api.w.org\/{rel}","templated":true}]}}