{"id":1140,"date":"2025-06-08T11:06:44","date_gmt":"2025-06-08T11:06:44","guid":{"rendered":"https:\/\/finns-foderhuse.dk\/?page_id=1140"},"modified":"2026-01-31T09:41:39","modified_gmt":"2026-01-31T09:41:39","slug":"6-kantet-foderhuse-stativer-til-foderhuse","status":"publish","type":"page","link":"https:\/\/finns-foderhuse.dk\/index.php\/6-kantet-foderhuse-stativer-til-foderhuse\/","title":{"rendered":"6 kantet foderhuse."},"content":{"rendered":"\n<h4 class=\"kt-adv-heading1140_8fab0a-e8 wp-block-kadence-advancedheading\" data-kb-block=\"kb-adv-heading1140_8fab0a-e8\">Jeg laver foderhuse i 3 st\u00f8rrelser .<br>St\u00f8rrelse 2 og 3 laves desuden med flere s\u00f8jler, s\u00e5 st\u00f8rre fugle har sv\u00e6rere at komme til.<\/h4>\n\n\n\n\n<div class=\"wp-block-kadence-column kadence-column1140_14ccf1-16\"><div class=\"kt-inside-inner-col\">\n<div class=\"wp-block-kadence-image kb-image1140_9d825e-71\"><figure class=\"aligncenter size-full\"><a href=\"https:\/\/finns-foderhuse.dk\/index.php\/6-kantet-foderhus-saadan-laver-jeg-det\/\" class=\"kb-advanced-image-link\"><img fetchpriority=\"high\" decoding=\"async\" width=\"800\" height=\"600\" src=\"https:\/\/finns-foderhuse.dk\/wp-content\/uploads\/2025\/04\/6-kantet-foderbraet-str-1-paa-baenk-800x600-1.jpg\" alt=\"6 kantet foderbr\u00e6t-str 1 - p\u00e5 b\u00e6nk\" class=\"kb-img wp-image-78\" srcset=\"https:\/\/finns-foderhuse.dk\/wp-content\/uploads\/2025\/04\/6-kantet-foderbraet-str-1-paa-baenk-800x600-1.jpg 800w, https:\/\/finns-foderhuse.dk\/wp-content\/uploads\/2025\/04\/6-kantet-foderbraet-str-1-paa-baenk-800x600-1-300x225.jpg 300w, https:\/\/finns-foderhuse.dk\/wp-content\/uploads\/2025\/04\/6-kantet-foderbraet-str-1-paa-baenk-800x600-1-768x576.jpg 768w\" sizes=\"(max-width: 800px) 100vw, 800px\" \/><\/a><figcaption>6 kantet foderbr\u00e6t-str. 1 &#8211; 325 kr.<\/figcaption><\/figure><\/div>\n<\/div><\/div>\n\n\n\n<div class=\"wp-block-kadence-column kadence-column1140_b8ef66-9d\"><div class=\"kt-inside-inner-col\">\n<div class=\"wp-block-kadence-image kb-image1140_9b2894-b8\"><figure class=\"aligncenter\"><a href=\"https:\/\/finns-foderhuse.dk\/index.php\/6-kantet-foderhus-saadan-laver-jeg-det\/\" class=\"kb-advanced-image-link\"><img decoding=\"async\" width=\"800\" height=\"600\" data-src=\"https:\/\/finns-foderhuse.dk\/wp-content\/uploads\/2025\/04\/6-kantet-foderbraet-str-2-800x600-2.jpg\" alt=\"f\u00e6rdigt 6 kantet foderbr\u00e6t-str 2 med dekoration\" class=\"kb-img wp-image-166 lazyload\" data-srcset=\"https:\/\/finns-foderhuse.dk\/wp-content\/uploads\/2025\/04\/6-kantet-foderbraet-str-2-800x600-2.jpg 800w, https:\/\/finns-foderhuse.dk\/wp-content\/uploads\/2025\/04\/6-kantet-foderbraet-str-2-800x600-2-300x225.jpg 300w, https:\/\/finns-foderhuse.dk\/wp-content\/uploads\/2025\/04\/6-kantet-foderbraet-str-2-800x600-2-768x576.jpg 768w\" data-sizes=\"(max-width: 800px) 100vw, 800px\" src=\"data:image\/svg+xml;base64,PHN2ZyB3aWR0aD0iMSIgaGVpZ2h0PSIxIiB4bWxucz0iaHR0cDovL3d3dy53My5vcmcvMjAwMC9zdmciPjwvc3ZnPg==\" style=\"--smush-placeholder-width: 800px; --smush-placeholder-aspect-ratio: 800\/600;\" \/><\/a><figcaption>6 kantet foderbr\u00e6t-str. 2 &#8211; 450 kr<\/figcaption><\/figure><\/div>\n<\/div><\/div>\n\n\n\n<div class=\"wp-block-kadence-column kadence-column1140_ce7e1d-3c\"><div class=\"kt-inside-inner-col\">\n<div class=\"wp-block-kadence-image kb-image1140_50264d-83\"><figure class=\"aligncenter\"><a href=\"https:\/\/finns-foderhuse.dk\/index.php\/6-kantet-foderhus-saadan-laver-jeg-det\/\" class=\"kb-advanced-image-link\"><img decoding=\"async\" width=\"800\" height=\"600\" data-src=\"https:\/\/finns-foderhuse.dk\/wp-content\/uploads\/2025\/04\/6-kantet-foderbraet-str-3-fra-siden-af-800x600-1.jpg\" alt=\"6 kantet foderbr\u00e6t - str 3 - fra siden\" class=\"kb-img wp-image-86 lazyload\" data-srcset=\"https:\/\/finns-foderhuse.dk\/wp-content\/uploads\/2025\/04\/6-kantet-foderbraet-str-3-fra-siden-af-800x600-1.jpg 800w, https:\/\/finns-foderhuse.dk\/wp-content\/uploads\/2025\/04\/6-kantet-foderbraet-str-3-fra-siden-af-800x600-1-300x225.jpg 300w, https:\/\/finns-foderhuse.dk\/wp-content\/uploads\/2025\/04\/6-kantet-foderbraet-str-3-fra-siden-af-800x600-1-768x576.jpg 768w\" data-sizes=\"(max-width: 800px) 100vw, 800px\" src=\"data:image\/svg+xml;base64,PHN2ZyB3aWR0aD0iMSIgaGVpZ2h0PSIxIiB4bWxucz0iaHR0cDovL3d3dy53My5vcmcvMjAwMC9zdmciPjwvc3ZnPg==\" style=\"--smush-placeholder-width: 800px; --smush-placeholder-aspect-ratio: 800\/600;\" \/><\/a><figcaption>6 kantet foderbr\u00e6t-str. 3 &#8211; 550 kr<\/figcaption><\/figure><\/div>\n<\/div><\/div>\n\n\n\n\n\n<div class=\"wp-block-kadence-column kadence-column1140_9e7892-12\"><div class=\"kt-inside-inner-col\"><\/div><\/div>\n\n\n\n<div class=\"wp-block-kadence-column kadence-column1140_19cda8-86\"><div class=\"kt-inside-inner-col\">\n<div class=\"wp-block-kadence-image kb-image1140_8e69bd-a0\"><figure class=\"aligncenter size-full\"><a href=\"https:\/\/finns-foderhuse.dk\/index.php\/6-kantet-foderhus-saadan-laver-jeg-det\/\" class=\"kb-advanced-image-link\"><img decoding=\"async\" width=\"800\" height=\"600\" data-src=\"https:\/\/finns-foderhuse.dk\/wp-content\/uploads\/2025\/09\/maghoni-foderhus-str-3-2.jpg\" alt=\"maghoni foderhus\" class=\"kb-img wp-image-3119 lazyload\" data-srcset=\"https:\/\/finns-foderhuse.dk\/wp-content\/uploads\/2025\/09\/maghoni-foderhus-str-3-2.jpg 800w, https:\/\/finns-foderhuse.dk\/wp-content\/uploads\/2025\/09\/maghoni-foderhus-str-3-2-300x225.jpg 300w, https:\/\/finns-foderhuse.dk\/wp-content\/uploads\/2025\/09\/maghoni-foderhus-str-3-2-768x576.jpg 768w\" data-sizes=\"(max-width: 800px) 100vw, 800px\" src=\"data:image\/svg+xml;base64,PHN2ZyB3aWR0aD0iMSIgaGVpZ2h0PSIxIiB4bWxucz0iaHR0cDovL3d3dy53My5vcmcvMjAwMC9zdmciPjwvc3ZnPg==\" style=\"--smush-placeholder-width: 800px; --smush-placeholder-aspect-ratio: 800\/600;\" \/><\/a><figcaption>maghoni foderhus str. 3 &#8211; 800 kr.<\/figcaption><\/figure><\/div>\n<\/div><\/div>\n\n\n\n<div class=\"wp-block-kadence-column kadence-column1140_c48a20-fa\"><div class=\"kt-inside-inner-col\"><\/div><\/div>\n\n\n\n\n\n<div class=\"wp-block-kadence-column kadence-column1140_938cae-41\"><div class=\"kt-inside-inner-col\"><\/div><\/div>\n\n\n\n<div class=\"wp-block-kadence-column kadence-column1140_31d79e-b6\"><div class=\"kt-inside-inner-col\">\n<div class=\"wp-block-kadence-image kb-image1140_c7170c-1e\"><figure class=\"aligncenter size-full\"><a href=\"https:\/\/finns-foderhuse.dk\/wp-content\/uploads\/2025\/09\/pris-paa-foderhus-jpg.jpg\" class=\"kb-advanced-image-link\"><img decoding=\"async\" width=\"866\" height=\"266\" data-src=\"https:\/\/finns-foderhuse.dk\/wp-content\/uploads\/2025\/09\/pris-paa-foderhus-jpg.jpg\" alt=\"pris p\u00e5 foderhus\" class=\"kb-img wp-image-3141 lazyload\" data-srcset=\"https:\/\/finns-foderhuse.dk\/wp-content\/uploads\/2025\/09\/pris-paa-foderhus-jpg.jpg 866w, https:\/\/finns-foderhuse.dk\/wp-content\/uploads\/2025\/09\/pris-paa-foderhus-jpg-300x92.jpg 300w, https:\/\/finns-foderhuse.dk\/wp-content\/uploads\/2025\/09\/pris-paa-foderhus-jpg-768x236.jpg 768w\" data-sizes=\"(max-width: 866px) 100vw, 866px\" src=\"data:image\/svg+xml;base64,PHN2ZyB3aWR0aD0iMSIgaGVpZ2h0PSIxIiB4bWxucz0iaHR0cDovL3d3dy53My5vcmcvMjAwMC9zdmciPjwvc3ZnPg==\" style=\"--smush-placeholder-width: 866px; --smush-placeholder-aspect-ratio: 866\/266;\" \/><\/a><figcaption>pris p\u00e5 foderhus<\/figcaption><\/figure><\/div>\n<\/div><\/div>\n\n\n\n<div class=\"wp-block-kadence-column kadence-column1140_2eeb8b-95\"><div class=\"kt-inside-inner-col\"><\/div><\/div>\n\n\n\n\n<figure class=\"wp-block-kadence-image kb-image1140_cb6a07-24 size-1536x1536\"><img decoding=\"async\" width=\"1536\" height=\"320\" data-src=\"https:\/\/finns-foderhuse.dk\/wp-content\/uploads\/2025\/05\/Rapsmark-i-flor-1536x320.jpg\" alt=\"Rapsmark i flor\" class=\"kb-img wp-image-522 lazyload\" data-srcset=\"https:\/\/finns-foderhuse.dk\/wp-content\/uploads\/2025\/05\/Rapsmark-i-flor-1536x320.jpg 1536w, https:\/\/finns-foderhuse.dk\/wp-content\/uploads\/2025\/05\/Rapsmark-i-flor-300x63.jpg 300w, https:\/\/finns-foderhuse.dk\/wp-content\/uploads\/2025\/05\/Rapsmark-i-flor-1024x213.jpg 1024w, https:\/\/finns-foderhuse.dk\/wp-content\/uploads\/2025\/05\/Rapsmark-i-flor-768x160.jpg 768w, https:\/\/finns-foderhuse.dk\/wp-content\/uploads\/2025\/05\/Rapsmark-i-flor.jpg 1920w\" data-sizes=\"(max-width: 1536px) 100vw, 1536px\" src=\"data:image\/svg+xml;base64,PHN2ZyB3aWR0aD0iMSIgaGVpZ2h0PSIxIiB4bWxucz0iaHR0cDovL3d3dy53My5vcmcvMjAwMC9zdmciPjwvc3ZnPg==\" style=\"--smush-placeholder-width: 1536px; --smush-placeholder-aspect-ratio: 1536\/320;\" \/><\/figure>\n\n\n\n<h6 class=\"kt-adv-heading1140_2540d7-f7 wp-block-kadence-advancedheading\" data-kb-block=\"kb-adv-heading1140_2540d7-f7\"><\/h6>\n\n\n\n<h6 class=\"kt-adv-heading1140_35dbc6-9b wp-block-kadence-advancedheading\" data-kb-block=\"kb-adv-heading1140_35dbc6-9b\"><\/h6>\n\n\n\n<h6 class=\"kt-adv-heading1140_649e95-37 wp-block-kadence-advancedheading\" data-kb-block=\"kb-adv-heading1140_649e95-37\"><\/h6>\n","protected":false},"excerpt":{"rendered":"<p>Jeg laver foderhuse i 3 st\u00f8rrelser .St\u00f8rrelse 2 og 3 laves desuden med flere s\u00f8jler, s\u00e5 st\u00f8rre fugle har sv\u00e6rere at komme til.<\/p>\n","protected":false},"author":1,"featured_media":0,"parent":0,"menu_order":0,"comment_status":"closed","ping_status":"closed","template":"","meta":{"_acf_changed":false,"googlesitekit_rrm_CAow9bW7DA:productID":"","_zb_attr":"","zolo_post_video_link":"","footnotes":""},"class_list":["post-1140","page","type-page","status-publish"],"acf":[],"yoast_head":"<!-- This site is optimized with the Yoast SEO plugin v27.2 - https:\/\/yoast.com\/product\/yoast-seo-wordpress\/ -->\n<title>6 kantet foderhuse. - finns-foderhuse<\/title>\n<meta name=\"description\" content=\"foderhus, foderbr\u00e6t, 6 kantet foderbr\u00e6t, rektangul\u00e6rt foderbr\u00e6t, stativer til foderbr\u00e6t fugle foderbr\u00e6t, viking foderbr\u00e6t, kontakt mig gerne\" \/>\n<meta name=\"robots\" content=\"index, follow, max-snippet:-1, max-image-preview:large, max-video-preview:-1\" \/>\n<link rel=\"canonical\" href=\"https:\/\/finns-foderhuse.dk\/index.php\/6-kantet-foderhuse-stativer-til-foderhuse\/\" \/>\n<meta property=\"og:locale\" content=\"da_DK\" \/>\n<meta property=\"og:type\" content=\"article\" \/>\n<meta property=\"og:title\" content=\"6 kantet foderhuse. - finns-foderhuse\" \/>\n<meta property=\"og:description\" content=\"foderhus, foderbr\u00e6t, 6 kantet foderbr\u00e6t, rektangul\u00e6rt foderbr\u00e6t, stativer til foderbr\u00e6t fugle foderbr\u00e6t, viking foderbr\u00e6t, kontakt mig gerne\" \/>\n<meta property=\"og:url\" content=\"https:\/\/finns-foderhuse.dk\/index.php\/6-kantet-foderhuse-stativer-til-foderhuse\/\" \/>\n<meta property=\"og:site_name\" content=\"finns-foderhuse\" \/>\n<meta property=\"article:modified_time\" content=\"2026-01-31T09:41:39+00:00\" \/>\n<meta property=\"og:image\" content=\"http:\/\/finns-foderhuse.dk\/wp-content\/uploads\/2025\/04\/6-kantet-foderbraet-str-1-paa-baenk-800x600-1.jpg\" \/>\n<meta name=\"twitter:card\" content=\"summary_large_image\" \/>\n<meta name=\"twitter:label1\" content=\"Estimeret l\u00e6setid\" \/>\n\t<meta name=\"twitter:data1\" content=\"2 minutter\" \/>\n<script type=\"application\/ld+json\" class=\"yoast-schema-graph\">{\"@context\":\"https:\/\/schema.org\",\"@graph\":[{\"@type\":\"WebPage\",\"@id\":\"https:\/\/finns-foderhuse.dk\/index.php\/6-kantet-foderhuse-stativer-til-foderhuse\/\",\"url\":\"https:\/\/finns-foderhuse.dk\/index.php\/6-kantet-foderhuse-stativer-til-foderhuse\/\",\"name\":\"6 kantet foderhuse. - finns-foderhuse\",\"isPartOf\":{\"@id\":\"https:\/\/finns-foderhuse.dk\/#website\"},\"primaryImageOfPage\":{\"@id\":\"https:\/\/finns-foderhuse.dk\/index.php\/6-kantet-foderhuse-stativer-til-foderhuse\/#primaryimage\"},\"image\":{\"@id\":\"https:\/\/finns-foderhuse.dk\/index.php\/6-kantet-foderhuse-stativer-til-foderhuse\/#primaryimage\"},\"thumbnailUrl\":\"http:\/\/finns-foderhuse.dk\/wp-content\/uploads\/2025\/04\/6-kantet-foderbraet-str-1-paa-baenk-800x600-1.jpg\",\"datePublished\":\"2025-06-08T11:06:44+00:00\",\"dateModified\":\"2026-01-31T09:41:39+00:00\",\"description\":\"foderhus, foderbr\u00e6t, 6 kantet foderbr\u00e6t, rektangul\u00e6rt foderbr\u00e6t, stativer til foderbr\u00e6t fugle foderbr\u00e6t, viking foderbr\u00e6t, kontakt mig gerne\",\"breadcrumb\":{\"@id\":\"https:\/\/finns-foderhuse.dk\/index.php\/6-kantet-foderhuse-stativer-til-foderhuse\/#breadcrumb\"},\"inLanguage\":\"da-DK\",\"potentialAction\":[{\"@type\":\"ReadAction\",\"target\":[\"https:\/\/finns-foderhuse.dk\/index.php\/6-kantet-foderhuse-stativer-til-foderhuse\/\"]}]},{\"@type\":\"ImageObject\",\"inLanguage\":\"da-DK\",\"@id\":\"https:\/\/finns-foderhuse.dk\/index.php\/6-kantet-foderhuse-stativer-til-foderhuse\/#primaryimage\",\"url\":\"http:\/\/finns-foderhuse.dk\/wp-content\/uploads\/2025\/04\/6-kantet-foderbraet-str-1-paa-baenk-800x600-1.jpg\",\"contentUrl\":\"http:\/\/finns-foderhuse.dk\/wp-content\/uploads\/2025\/04\/6-kantet-foderbraet-str-1-paa-baenk-800x600-1.jpg\"},{\"@type\":\"BreadcrumbList\",\"@id\":\"https:\/\/finns-foderhuse.dk\/index.php\/6-kantet-foderhuse-stativer-til-foderhuse\/#breadcrumb\",\"itemListElement\":[{\"@type\":\"ListItem\",\"position\":1,\"name\":\"Hjem\",\"item\":\"https:\/\/finns-foderhuse.dk\/\"},{\"@type\":\"ListItem\",\"position\":2,\"name\":\"6 kantet foderhuse.\"}]},{\"@type\":\"WebSite\",\"@id\":\"https:\/\/finns-foderhuse.dk\/#website\",\"url\":\"https:\/\/finns-foderhuse.dk\/\",\"name\":\"foderhuse og stativer\",\"description\":\"foderhuse og stativer\",\"publisher\":{\"@id\":\"https:\/\/finns-foderhuse.dk\/#\/schema\/person\/809a24843ef569f1eb4856f703b578f0\"},\"potentialAction\":[{\"@type\":\"SearchAction\",\"target\":{\"@type\":\"EntryPoint\",\"urlTemplate\":\"https:\/\/finns-foderhuse.dk\/?s={search_term_string}\"},\"query-input\":{\"@type\":\"PropertyValueSpecification\",\"valueRequired\":true,\"valueName\":\"search_term_string\"}}],\"inLanguage\":\"da-DK\"},{\"@type\":[\"Person\",\"Organization\"],\"@id\":\"https:\/\/finns-foderhuse.dk\/#\/schema\/person\/809a24843ef569f1eb4856f703b578f0\",\"name\":\"Finn Ekelund\",\"image\":{\"@type\":\"ImageObject\",\"inLanguage\":\"da-DK\",\"@id\":\"https:\/\/finns-foderhuse.dk\/wp-content\/uploads\/2025\/04\/tak-foderhus-str.-3.jpg\",\"url\":\"https:\/\/finns-foderhuse.dk\/wp-content\/uploads\/2025\/04\/tak-foderhus-str.-3.jpg\",\"contentUrl\":\"https:\/\/finns-foderhuse.dk\/wp-content\/uploads\/2025\/04\/tak-foderhus-str.-3.jpg\",\"width\":800,\"height\":600,\"caption\":\"Finn Ekelund\"},\"logo\":{\"@id\":\"https:\/\/finns-foderhuse.dk\/wp-content\/uploads\/2025\/04\/tak-foderhus-str.-3.jpg\"},\"description\":\"Er passioneret hobbymand, der elsker at arbejde i tr\u00e6\",\"sameAs\":[\"http:\/\/finns-foderhuse.dk\",\"https:\/\/www.instagram.com\/finns_foderhuse\/\",\"https:\/\/www.youtube.com\/@finns-foderhuse\"]}]}<\/script>\n<!-- \/ Yoast SEO plugin. -->","yoast_head_json":{"title":"6 kantet foderhuse. - finns-foderhuse","description":"foderhus, foderbr\u00e6t, 6 kantet foderbr\u00e6t, rektangul\u00e6rt foderbr\u00e6t, stativer til foderbr\u00e6t fugle foderbr\u00e6t, viking foderbr\u00e6t, kontakt mig gerne","robots":{"index":"index","follow":"follow","max-snippet":"max-snippet:-1","max-image-preview":"max-image-preview:large","max-video-preview":"max-video-preview:-1"},"canonical":"https:\/\/finns-foderhuse.dk\/index.php\/6-kantet-foderhuse-stativer-til-foderhuse\/","og_locale":"da_DK","og_type":"article","og_title":"6 kantet foderhuse. - finns-foderhuse","og_description":"foderhus, foderbr\u00e6t, 6 kantet foderbr\u00e6t, rektangul\u00e6rt foderbr\u00e6t, stativer til foderbr\u00e6t fugle foderbr\u00e6t, viking foderbr\u00e6t, kontakt mig gerne","og_url":"https:\/\/finns-foderhuse.dk\/index.php\/6-kantet-foderhuse-stativer-til-foderhuse\/","og_site_name":"finns-foderhuse","article_modified_time":"2026-01-31T09:41:39+00:00","og_image":[{"url":"http:\/\/finns-foderhuse.dk\/wp-content\/uploads\/2025\/04\/6-kantet-foderbraet-str-1-paa-baenk-800x600-1.jpg","type":"","width":"","height":""}],"twitter_card":"summary_large_image","twitter_misc":{"Estimeret l\u00e6setid":"2 minutter"},"schema":{"@context":"https:\/\/schema.org","@graph":[{"@type":"WebPage","@id":"https:\/\/finns-foderhuse.dk\/index.php\/6-kantet-foderhuse-stativer-til-foderhuse\/","url":"https:\/\/finns-foderhuse.dk\/index.php\/6-kantet-foderhuse-stativer-til-foderhuse\/","name":"6 kantet foderhuse. - finns-foderhuse","isPartOf":{"@id":"https:\/\/finns-foderhuse.dk\/#website"},"primaryImageOfPage":{"@id":"https:\/\/finns-foderhuse.dk\/index.php\/6-kantet-foderhuse-stativer-til-foderhuse\/#primaryimage"},"image":{"@id":"https:\/\/finns-foderhuse.dk\/index.php\/6-kantet-foderhuse-stativer-til-foderhuse\/#primaryimage"},"thumbnailUrl":"http:\/\/finns-foderhuse.dk\/wp-content\/uploads\/2025\/04\/6-kantet-foderbraet-str-1-paa-baenk-800x600-1.jpg","datePublished":"2025-06-08T11:06:44+00:00","dateModified":"2026-01-31T09:41:39+00:00","description":"foderhus, foderbr\u00e6t, 6 kantet foderbr\u00e6t, rektangul\u00e6rt foderbr\u00e6t, stativer til foderbr\u00e6t fugle foderbr\u00e6t, viking foderbr\u00e6t, kontakt mig gerne","breadcrumb":{"@id":"https:\/\/finns-foderhuse.dk\/index.php\/6-kantet-foderhuse-stativer-til-foderhuse\/#breadcrumb"},"inLanguage":"da-DK","potentialAction":[{"@type":"ReadAction","target":["https:\/\/finns-foderhuse.dk\/index.php\/6-kantet-foderhuse-stativer-til-foderhuse\/"]}]},{"@type":"ImageObject","inLanguage":"da-DK","@id":"https:\/\/finns-foderhuse.dk\/index.php\/6-kantet-foderhuse-stativer-til-foderhuse\/#primaryimage","url":"http:\/\/finns-foderhuse.dk\/wp-content\/uploads\/2025\/04\/6-kantet-foderbraet-str-1-paa-baenk-800x600-1.jpg","contentUrl":"http:\/\/finns-foderhuse.dk\/wp-content\/uploads\/2025\/04\/6-kantet-foderbraet-str-1-paa-baenk-800x600-1.jpg"},{"@type":"BreadcrumbList","@id":"https:\/\/finns-foderhuse.dk\/index.php\/6-kantet-foderhuse-stativer-til-foderhuse\/#breadcrumb","itemListElement":[{"@type":"ListItem","position":1,"name":"Hjem","item":"https:\/\/finns-foderhuse.dk\/"},{"@type":"ListItem","position":2,"name":"6 kantet foderhuse."}]},{"@type":"WebSite","@id":"https:\/\/finns-foderhuse.dk\/#website","url":"https:\/\/finns-foderhuse.dk\/","name":"foderhuse og stativer","description":"foderhuse og stativer","publisher":{"@id":"https:\/\/finns-foderhuse.dk\/#\/schema\/person\/809a24843ef569f1eb4856f703b578f0"},"potentialAction":[{"@type":"SearchAction","target":{"@type":"EntryPoint","urlTemplate":"https:\/\/finns-foderhuse.dk\/?s={search_term_string}"},"query-input":{"@type":"PropertyValueSpecification","valueRequired":true,"valueName":"search_term_string"}}],"inLanguage":"da-DK"},{"@type":["Person","Organization"],"@id":"https:\/\/finns-foderhuse.dk\/#\/schema\/person\/809a24843ef569f1eb4856f703b578f0","name":"Finn Ekelund","image":{"@type":"ImageObject","inLanguage":"da-DK","@id":"https:\/\/finns-foderhuse.dk\/wp-content\/uploads\/2025\/04\/tak-foderhus-str.-3.jpg","url":"https:\/\/finns-foderhuse.dk\/wp-content\/uploads\/2025\/04\/tak-foderhus-str.-3.jpg","contentUrl":"https:\/\/finns-foderhuse.dk\/wp-content\/uploads\/2025\/04\/tak-foderhus-str.-3.jpg","width":800,"height":600,"caption":"Finn Ekelund"},"logo":{"@id":"https:\/\/finns-foderhuse.dk\/wp-content\/uploads\/2025\/04\/tak-foderhus-str.-3.jpg"},"description":"Er passioneret hobbymand, der elsker at arbejde i tr\u00e6","sameAs":["http:\/\/finns-foderhuse.dk","https:\/\/www.instagram.com\/finns_foderhuse\/","https:\/\/www.youtube.com\/@finns-foderhuse"]}]}},"_links":{"self":[{"href":"https:\/\/finns-foderhuse.dk\/index.php\/wp-json\/wp\/v2\/pages\/1140","targetHints":{"allow":["GET"]}}],"collection":[{"href":"https:\/\/finns-foderhuse.dk\/index.php\/wp-json\/wp\/v2\/pages"}],"about":[{"href":"https:\/\/finns-foderhuse.dk\/index.php\/wp-json\/wp\/v2\/types\/page"}],"author":[{"embeddable":true,"href":"https:\/\/finns-foderhuse.dk\/index.php\/wp-json\/wp\/v2\/users\/1"}],"replies":[{"embeddable":true,"href":"https:\/\/finns-foderhuse.dk\/index.php\/wp-json\/wp\/v2\/comments?post=1140"}],"version-history":[{"count":40,"href":"https:\/\/finns-foderhuse.dk\/index.php\/wp-json\/wp\/v2\/pages\/1140\/revisions"}],"predecessor-version":[{"id":4435,"href":"https:\/\/finns-foderhuse.dk\/index.php\/wp-json\/wp\/v2\/pages\/1140\/revisions\/4435"}],"wp:attachment":[{"href":"https:\/\/finns-foderhuse.dk\/index.php\/wp-json\/wp\/v2\/media?parent=1140"}],"curies":[{"name":"wp","href":"https:\/\/api.w.org\/{rel}","templated":true}]}}